{"id":92672,"date":"2017-07-02T02:30:41","date_gmt":"2017-07-02T02:30:41","guid":{"rendered":"http:\/\/www.ceramictiles.com\/srbija\/product\/undefasa-trend-violeta\/"},"modified":"2026-01-03T00:00:12","modified_gmt":"2026-01-03T00:00:12","slug":"undefasa-trend-violeta","status":"publish","type":"product","link":"https:\/\/www.keramika.com\/srbija\/undefasa-trend-violeta\/","title":{"rendered":"Undefasa trend violeta"},"content":{"rendered":"<p>Ova plo\u010dica je debela 8 mm i zato je izuzetno izdr\u017eljiva. 2331,05 RSD je redovna prodajna cena keramike, tu pa samo 1865,3 RSD. Izuzetno moderne plo\u010dice ljubi\u010daste boje, osve\u017eit \u0107e svaki prostor. Undefasa trend violeta je proizvod iz \u0160panije te je izuzetno kvalitetna. Plo\u010dica na sliki je 20&#215;50 cm.<\/p>\n<p>Kliknite na ime serije za sve plo\u010dice u toj seriji: <a class=\"pdfcatal\" href=\"\/\/www.ceramictiles.com\/pdf\/undefasa\/catalogue_undefasa_trend.pdf\" onclick=\"recordOutboundLink(this, 'E-mail', 'Description PDF');return false;\">Undefasa Ceramica Trend<\/a><\/p>\n<p>Da bi naru\u010dili model iz PDF kataloga ove serije, molimo vas, da nas kontaktirate na: <a href=\"mailto:zo_mi@ceramictiles.com\" onclick=\"recordOutboundLink(this, 'E-mail', 'Description mail');return false;\">zo_mi@ceramictiles.com<\/a> ili nas pozovite na: For exact offer, PLS send us quantity and product you need with delivery address..<\/p>\n","protected":false},"excerpt":{"rendered":"<p>Ova plo\u010dica je debela 8 mm i zato je izuzetno izdr\u017eljiva. 2331,05 RSD je redovna prodajna cena keramike, tu pa samo 1865,3 RSD. Izuzetno moderne plo\u010dice ljubi\u010daste boje, osve\u017eit \u0107e svaki prostor. Undefasa trend violeta je proizvod iz \u0160panije te je izuzetno kvalitetna. Plo\u010dica na sliki je 20&#215;50 cm. Kliknite na ime serije za sve [&hellip;]<\/p>\n","protected":false},"featured_media":92673,"template":"","meta":[],"product_cat":[200,220,999,9991688,250],"product_tag":[],"_links":{"self":[{"href":"https:\/\/www.keramika.com\/srbija\/wp-json\/wp\/v2\/product\/92672"}],"collection":[{"href":"https:\/\/www.keramika.com\/srbija\/wp-json\/wp\/v2\/product"}],"about":[{"href":"https:\/\/www.keramika.com\/srbija\/wp-json\/wp\/v2\/types\/product"}],"wp:featuredmedia":[{"embeddable":true,"href":"https:\/\/www.keramika.com\/srbija\/wp-json\/wp\/v2\/media\/92673"}],"wp:attachment":[{"href":"https:\/\/www.keramika.com\/srbija\/wp-json\/wp\/v2\/media?parent=92672"}],"wp:term":[{"taxonomy":"product_cat","embeddable":true,"href":"https:\/\/www.keramika.com\/srbija\/wp-json\/wp\/v2\/product_cat?post=92672"},{"taxonomy":"product_tag","embeddable":true,"href":"https:\/\/www.keramika.com\/srbija\/wp-json\/wp\/v2\/product_tag?post=92672"}],"curies":[{"name":"wp","href":"https:\/\/api.w.org\/{rel}","templated":true}]}}