{"id":92666,"date":"2017-07-02T02:29:44","date_gmt":"2017-07-02T02:29:44","guid":{"rendered":"http:\/\/www.ceramictiles.com\/srbija\/product\/undefasa-keramika-spring-violeta\/"},"modified":"2026-01-03T00:00:11","modified_gmt":"2026-01-03T00:00:11","slug":"undefasa-keramika-spring-violeta","status":"publish","type":"product","link":"https:\/\/www.keramika.com\/srbija\/undefasa-keramika-spring-violeta\/","title":{"rendered":"Undefasa keramika spring violeta"},"content":{"rendered":"<p>Ove plo\u010dice dolaze od proizvo\u0111a\u010da Undefasa Ceramica, iz \u0160panije. Ta kolekcija, model plo\u010dice, se prodaje najvi\u0161e plave boje. Undefasa gres spring violeta je dostupna po vrlo povoljnim cenama 1589,3 RSD. Plo\u010dica je debela 9 mm, \u0161to je ubraja u tvrde plo\u010dice. Plo\u010dica na sliki je 33&#215;33 cm.<\/p>\n<p>Kliknite na ime serije za sve plo\u010dice u toj seriji: <a class=\"pdfcatal\" href=\"\/\/www.ceramictiles.com\/pdf\/undefasa\/catalogue_undefasa_sunny.pdf\" onclick=\"recordOutboundLink(this, 'E-mail', 'Description PDF');return false;\">Undefasa Ceramica Sunny<\/a><\/p>\n<p>Da bi naru\u010dili model iz PDF kataloga ove serije, molimo vas, da nas kontaktirate na: <a href=\"mailto:zo_mi@ceramictiles.com\" onclick=\"recordOutboundLink(this, 'E-mail', 'Description mail');return false;\">zo_mi@ceramictiles.com<\/a> ili nas pozovite na: For exact offer, PLS send us quantity and product you need with delivery address..<\/p>\n","protected":false},"excerpt":{"rendered":"<p>Ove plo\u010dice dolaze od proizvo\u0111a\u010da Undefasa Ceramica, iz \u0160panije. Ta kolekcija, model plo\u010dice, se prodaje najvi\u0161e plave boje. Undefasa gres spring violeta je dostupna po vrlo povoljnim cenama 1589,3 RSD. Plo\u010dica je debela 9 mm, \u0161to je ubraja u tvrde plo\u010dice. Plo\u010dica na sliki je 33&#215;33 cm. Kliknite na ime serije za sve plo\u010dice u [&hellip;]<\/p>\n","protected":false},"featured_media":92667,"template":"","meta":[],"product_cat":[200,220,240,999,9991688],"product_tag":[],"_links":{"self":[{"href":"https:\/\/www.keramika.com\/srbija\/wp-json\/wp\/v2\/product\/92666"}],"collection":[{"href":"https:\/\/www.keramika.com\/srbija\/wp-json\/wp\/v2\/product"}],"about":[{"href":"https:\/\/www.keramika.com\/srbija\/wp-json\/wp\/v2\/types\/product"}],"wp:featuredmedia":[{"embeddable":true,"href":"https:\/\/www.keramika.com\/srbija\/wp-json\/wp\/v2\/media\/92667"}],"wp:attachment":[{"href":"https:\/\/www.keramika.com\/srbija\/wp-json\/wp\/v2\/media?parent=92666"}],"wp:term":[{"taxonomy":"product_cat","embeddable":true,"href":"https:\/\/www.keramika.com\/srbija\/wp-json\/wp\/v2\/product_cat?post=92666"},{"taxonomy":"product_tag","embeddable":true,"href":"https:\/\/www.keramika.com\/srbija\/wp-json\/wp\/v2\/product_tag?post=92666"}],"curies":[{"name":"wp","href":"https:\/\/api.w.org\/{rel}","templated":true}]}}