{"id":92662,"date":"2017-07-02T02:29:11","date_gmt":"2017-07-02T02:29:11","guid":{"rendered":"http:\/\/www.ceramictiles.com\/srbija\/product\/undefasa-spring-violeta\/"},"modified":"2026-01-03T00:00:11","modified_gmt":"2026-01-03T00:00:11","slug":"undefasa-spring-violeta","status":"publish","type":"product","link":"https:\/\/www.keramika.com\/srbija\/undefasa-spring-violeta\/","title":{"rendered":"Undefasa spring violeta"},"content":{"rendered":"<p>Keramika je prekrasne ljubi\u010daste boje. U koliko \u017eelite neku drugu boju, pozovite nas i mi \u0107emo proveriti kod proizvo\u0111a\u010da. Umesto 2504,7 RSD \u0161to je redovna maloprodajna cena keramike, u na\u0161oj online prodavnici, je mo\u017eete dobiti za samo 2003,3 RSD. Undefasa spring violeta je proizvod iz \u0160panije te je izuzetno kvalitetna. Veli\u010dina plo\u010dice je 33&#215;60 cm i odli\u010dna je za razli\u010dite povr\u0161ine. 9 mm debljina \u0107e zadovoljiti i najzahtevnije kupce.<\/p>\n<p>Kliknite na ime serije za sve plo\u010dice u toj seriji: <a class=\"pdfcatal\" href=\"\/\/www.ceramictiles.com\/pdf\/undefasa\/catalogue_undefasa_spring.pdf\" onclick=\"recordOutboundLink(this, 'E-mail', 'Description PDF');return false;\">Undefasa Ceramica Spring<\/a><\/p>\n<p>Da bi naru\u010dili model iz PDF kataloga ove serije, molimo vas, da nas kontaktirate na: <a href=\"mailto:zo_mi@ceramictiles.com\" onclick=\"recordOutboundLink(this, 'E-mail', 'Description mail');return false;\">zo_mi@ceramictiles.com<\/a> ili nas pozovite na: For exact offer, PLS send us quantity and product you need with delivery address..<\/p>\n","protected":false},"excerpt":{"rendered":"<p>Keramika je prekrasne ljubi\u010daste boje. U koliko \u017eelite neku drugu boju, pozovite nas i mi \u0107emo proveriti kod proizvo\u0111a\u010da. Umesto 2504,7 RSD \u0161to je redovna maloprodajna cena keramike, u na\u0161oj online prodavnici, je mo\u017eete dobiti za samo 2003,3 RSD. Undefasa spring violeta je proizvod iz \u0160panije te je izuzetno kvalitetna. Veli\u010dina plo\u010dice je 33&#215;60 cm [&hellip;]<\/p>\n","protected":false},"featured_media":92663,"template":"","meta":[],"product_cat":[200,220,999,9991688,250],"product_tag":[],"_links":{"self":[{"href":"https:\/\/www.keramika.com\/srbija\/wp-json\/wp\/v2\/product\/92662"}],"collection":[{"href":"https:\/\/www.keramika.com\/srbija\/wp-json\/wp\/v2\/product"}],"about":[{"href":"https:\/\/www.keramika.com\/srbija\/wp-json\/wp\/v2\/types\/product"}],"wp:featuredmedia":[{"embeddable":true,"href":"https:\/\/www.keramika.com\/srbija\/wp-json\/wp\/v2\/media\/92663"}],"wp:attachment":[{"href":"https:\/\/www.keramika.com\/srbija\/wp-json\/wp\/v2\/media?parent=92662"}],"wp:term":[{"taxonomy":"product_cat","embeddable":true,"href":"https:\/\/www.keramika.com\/srbija\/wp-json\/wp\/v2\/product_cat?post=92662"},{"taxonomy":"product_tag","embeddable":true,"href":"https:\/\/www.keramika.com\/srbija\/wp-json\/wp\/v2\/product_tag?post=92662"}],"curies":[{"name":"wp","href":"https:\/\/api.w.org\/{rel}","templated":true}]}}