{"id":92658,"date":"2017-07-02T02:28:34","date_gmt":"2017-07-02T02:28:34","guid":{"rendered":"http:\/\/www.ceramictiles.com\/srbija\/product\/undefasa-rajasthan-sand\/"},"modified":"2026-01-03T00:00:10","modified_gmt":"2026-01-03T00:00:10","slug":"undefasa-rajasthan-sand","status":"publish","type":"product","link":"https:\/\/www.keramika.com\/srbija\/undefasa-rajasthan-sand\/","title":{"rendered":"Undefasa rajasthan sand"},"content":{"rendered":"<p>plo\u010dica proizvo\u0111a\u010da Undefasa Ceramica iz \u0160panije. Veli\u010dina ove plo\u010dice je 33&#215;60 cm. Ova plo\u010dica je debela 9 mm i zato je izuzetno izdr\u017eljiva. U izboru plo\u010dica be\u017e boje, ne mo\u017eete pogre\u0161iti. Redovna cena, ovih plo\u010dica u maloprodaji je 3803,05 RSD. U na\u0161oj online trgovini, je mo\u017eete kupiti za 3042,9 RSD.<\/p>\n<p>Kliknite na ime serije za sve plo\u010dice u toj seriji: <a class=\"pdfcatal\" href=\"\/\/www.ceramictiles.com\/pdf\/undefasa\/catalogue_undefasa_rajasthan.pdf\" onclick=\"recordOutboundLink(this, 'E-mail', 'Description PDF');return false;\">Undefasa Ceramica Rajasthan<\/a><\/p>\n<p>Da bi naru\u010dili model iz PDF kataloga ove serije, molimo vas, da nas kontaktirate na: <a href=\"mailto:zo_mi@ceramictiles.com\" onclick=\"recordOutboundLink(this, 'E-mail', 'Description mail');return false;\">zo_mi@ceramictiles.com<\/a> ili nas pozovite na: For exact offer, PLS send us quantity and product you need with delivery address..<\/p>\n","protected":false},"excerpt":{"rendered":"<p>plo\u010dica proizvo\u0111a\u010da Undefasa Ceramica iz \u0160panije. Veli\u010dina ove plo\u010dice je 33&#215;60 cm. Ova plo\u010dica je debela 9 mm i zato je izuzetno izdr\u017eljiva. U izboru plo\u010dica be\u017e boje, ne mo\u017eete pogre\u0161iti. Redovna cena, ovih plo\u010dica u maloprodaji je 3803,05 RSD. U na\u0161oj online trgovini, je mo\u017eete kupiti za 3042,9 RSD. Kliknite na ime serije za [&hellip;]<\/p>\n","protected":false},"featured_media":92659,"template":"","meta":[],"product_cat":[200,240,999,290,9991688],"product_tag":[],"_links":{"self":[{"href":"https:\/\/www.keramika.com\/srbija\/wp-json\/wp\/v2\/product\/92658"}],"collection":[{"href":"https:\/\/www.keramika.com\/srbija\/wp-json\/wp\/v2\/product"}],"about":[{"href":"https:\/\/www.keramika.com\/srbija\/wp-json\/wp\/v2\/types\/product"}],"wp:featuredmedia":[{"embeddable":true,"href":"https:\/\/www.keramika.com\/srbija\/wp-json\/wp\/v2\/media\/92659"}],"wp:attachment":[{"href":"https:\/\/www.keramika.com\/srbija\/wp-json\/wp\/v2\/media?parent=92658"}],"wp:term":[{"taxonomy":"product_cat","embeddable":true,"href":"https:\/\/www.keramika.com\/srbija\/wp-json\/wp\/v2\/product_cat?post=92658"},{"taxonomy":"product_tag","embeddable":true,"href":"https:\/\/www.keramika.com\/srbija\/wp-json\/wp\/v2\/product_tag?post=92658"}],"curies":[{"name":"wp","href":"https:\/\/api.w.org\/{rel}","templated":true}]}}