{"id":92656,"date":"2017-07-02T02:28:17","date_gmt":"2017-07-02T02:28:17","guid":{"rendered":"http:\/\/www.ceramictiles.com\/srbija\/product\/undefasa-quijote\/"},"modified":"2026-01-03T00:00:10","modified_gmt":"2026-01-03T00:00:10","slug":"undefasa-quijote","status":"publish","type":"product","link":"https:\/\/www.keramika.com\/srbija\/undefasa-quijote\/","title":{"rendered":"Undefasa quijote"},"content":{"rendered":"<p>Redovna cena, ovih plo\u010dica u maloprodaji je 2165,45 RSD. U na\u0161oj online trgovini, je mo\u017eete kupiti za 1733,05 RSD. Proizvodnja \u0160panije ,koja je poznata u svetu, kao jedana od najboljih proizvo\u0111a\u010da kerami\u010dkih plo\u010dica. Debljina 7 mm \u010dini plo\u010dicu vrlo izdr\u017eljivom i prijatnom na dodir. U izboru plo\u010dica narand\u017easte boje, ne mo\u017eete pogre\u0161iti. Veli\u010dina 20&#215;20 cm je odli\u010dna za sve podloge.<\/p>\n<p>Kliknite na ime serije za sve plo\u010dice u toj seriji: <a class=\"pdfcatal\" href=\"\/\/www.ceramictiles.com\/pdf\/undefasa\/catalogue_undefasa_quixote.pdf\" onclick=\"recordOutboundLink(this, 'E-mail', 'Description PDF');return false;\">Undefasa Ceramica Quixote<\/a><\/p>\n<p>Da bi naru\u010dili model iz PDF kataloga ove serije, molimo vas, da nas kontaktirate na: <a href=\"mailto:zo_mi@ceramictiles.com\" onclick=\"recordOutboundLink(this, 'E-mail', 'Description mail');return false;\">zo_mi@ceramictiles.com<\/a> ili nas pozovite na: For exact offer, PLS send us quantity and product you need with delivery address..<\/p>\n","protected":false},"excerpt":{"rendered":"<p>Redovna cena, ovih plo\u010dica u maloprodaji je 2165,45 RSD. U na\u0161oj online trgovini, je mo\u017eete kupiti za 1733,05 RSD. Proizvodnja \u0160panije ,koja je poznata u svetu, kao jedana od najboljih proizvo\u0111a\u010da kerami\u010dkih plo\u010dica. Debljina 7 mm \u010dini plo\u010dicu vrlo izdr\u017eljivom i prijatnom na dodir. U izboru plo\u010dica narand\u017easte boje, ne mo\u017eete pogre\u0161iti. Veli\u010dina 20&#215;20 cm [&hellip;]<\/p>\n","protected":false},"featured_media":92657,"template":"","meta":[],"product_cat":[200,220,999,9991688,250],"product_tag":[],"_links":{"self":[{"href":"https:\/\/www.keramika.com\/srbija\/wp-json\/wp\/v2\/product\/92656"}],"collection":[{"href":"https:\/\/www.keramika.com\/srbija\/wp-json\/wp\/v2\/product"}],"about":[{"href":"https:\/\/www.keramika.com\/srbija\/wp-json\/wp\/v2\/types\/product"}],"wp:featuredmedia":[{"embeddable":true,"href":"https:\/\/www.keramika.com\/srbija\/wp-json\/wp\/v2\/media\/92657"}],"wp:attachment":[{"href":"https:\/\/www.keramika.com\/srbija\/wp-json\/wp\/v2\/media?parent=92656"}],"wp:term":[{"taxonomy":"product_cat","embeddable":true,"href":"https:\/\/www.keramika.com\/srbija\/wp-json\/wp\/v2\/product_cat?post=92656"},{"taxonomy":"product_tag","embeddable":true,"href":"https:\/\/www.keramika.com\/srbija\/wp-json\/wp\/v2\/product_tag?post=92656"}],"curies":[{"name":"wp","href":"https:\/\/api.w.org\/{rel}","templated":true}]}}