{"id":92640,"date":"2017-07-02T02:25:46","date_gmt":"2017-07-02T02:25:46","guid":{"rendered":"http:\/\/www.ceramictiles.com\/srbija\/product\/undefasa-don-rodrigo\/"},"modified":"2026-01-03T00:00:08","modified_gmt":"2026-01-03T00:00:08","slug":"undefasa-don-rodrigo","status":"publish","type":"product","link":"https:\/\/www.keramika.com\/srbija\/undefasa-don-rodrigo\/","title":{"rendered":"Undefasa don rodrigo"},"content":{"rendered":"<p>Veli\u010dina 20&#215;20 cm je odli\u010dna za sve podloge. plo\u010dica proizvo\u0111a\u010da Undefasa Ceramica iz \u0160panije. Plo\u010dice crne boje, su letos izuzetno tre\u017eene. Umesto 2109,1 RSD \u0161to je redovna maloprodajna cena keramike, u na\u0161oj online prodavnici, je mo\u017eete dobiti za samo 1687,05 RSD. Debljina 7 mm \u010dini plo\u010dicu vrlo izdr\u017eljivom i prijatnom na dodir.<\/p>\n<p>Kliknite na ime serije za sve plo\u010dice u toj seriji: <a class=\"pdfcatal\" href=\"\/\/www.ceramictiles.com\/pdf\/undefasa\/catalogue_undefasa_mio_cid.pdf\" onclick=\"recordOutboundLink(this, 'E-mail', 'Description PDF');return false;\">Undefasa Ceramica Mio Cid<\/a><\/p>\n<p>Da bi naru\u010dili model iz PDF kataloga ove serije, molimo vas, da nas kontaktirate na: <a href=\"mailto:zo_mi@ceramictiles.com\" onclick=\"recordOutboundLink(this, 'E-mail', 'Description mail');return false;\">zo_mi@ceramictiles.com<\/a> ili nas pozovite na: For exact offer, PLS send us quantity and product you need with delivery address..<\/p>\n","protected":false},"excerpt":{"rendered":"<p>Veli\u010dina 20&#215;20 cm je odli\u010dna za sve podloge. plo\u010dica proizvo\u0111a\u010da Undefasa Ceramica iz \u0160panije. Plo\u010dice crne boje, su letos izuzetno tre\u017eene. Umesto 2109,1 RSD \u0161to je redovna maloprodajna cena keramike, u na\u0161oj online prodavnici, je mo\u017eete dobiti za samo 1687,05 RSD. Debljina 7 mm \u010dini plo\u010dicu vrlo izdr\u017eljivom i prijatnom na dodir. Kliknite na ime [&hellip;]<\/p>\n","protected":false},"featured_media":92641,"template":"","meta":[],"product_cat":[200,220,999,9991688,250],"product_tag":[99950090],"_links":{"self":[{"href":"https:\/\/www.keramika.com\/srbija\/wp-json\/wp\/v2\/product\/92640"}],"collection":[{"href":"https:\/\/www.keramika.com\/srbija\/wp-json\/wp\/v2\/product"}],"about":[{"href":"https:\/\/www.keramika.com\/srbija\/wp-json\/wp\/v2\/types\/product"}],"wp:featuredmedia":[{"embeddable":true,"href":"https:\/\/www.keramika.com\/srbija\/wp-json\/wp\/v2\/media\/92641"}],"wp:attachment":[{"href":"https:\/\/www.keramika.com\/srbija\/wp-json\/wp\/v2\/media?parent=92640"}],"wp:term":[{"taxonomy":"product_cat","embeddable":true,"href":"https:\/\/www.keramika.com\/srbija\/wp-json\/wp\/v2\/product_cat?post=92640"},{"taxonomy":"product_tag","embeddable":true,"href":"https:\/\/www.keramika.com\/srbija\/wp-json\/wp\/v2\/product_tag?post=92640"}],"curies":[{"name":"wp","href":"https:\/\/api.w.org\/{rel}","templated":true}]}}