{"id":92638,"date":"2017-07-02T02:25:29","date_gmt":"2017-07-02T02:25:29","guid":{"rendered":"http:\/\/www.ceramictiles.com\/srbija\/product\/undefasa-keramika-milo-negro\/"},"modified":"2026-01-03T00:00:08","modified_gmt":"2026-01-03T00:00:08","slug":"undefasa-keramika-milo-negro","status":"publish","type":"product","link":"https:\/\/www.keramika.com\/srbija\/undefasa-keramika-milo-negro\/","title":{"rendered":"Undefasa keramika milo negro"},"content":{"rendered":"<p>Ove narand\u017easte kerami\u010dke plo\u010dice, obogatit \u0107e svaki prostor. Ova plo\u010dica je debela 9 mm i zato je izuzetno izdr\u017eljiva. Plo\u010dica 41&#215;41 cm je dobra za ve\u0107 razli\u010ditih namena. Undefasa gres milo negro dolazi iz \u0160panije, koja je poznata po vrlo visokoj kvaliteta keramike u svetu. Zbog ni\u017eih tro\u0161kova, online prodaje, Vi \u0107e te na na\u0161oj strani ove plo\u010de platiti samo 1622,65 RSD.<\/p>\n<p>Kliknite na ime serije za sve plo\u010dice u toj seriji: <a class=\"pdfcatal\" href=\"\/\/www.ceramictiles.com\/pdf\/undefasa\/catalogue_undefasa_milo.pdf\" onclick=\"recordOutboundLink(this, 'E-mail', 'Description PDF');return false;\">Undefasa Ceramica Milo<\/a><\/p>\n<p>Da bi naru\u010dili model iz PDF kataloga ove serije, molimo vas, da nas kontaktirate na: <a href=\"mailto:zo_mi@ceramictiles.com\" onclick=\"recordOutboundLink(this, 'E-mail', 'Description mail');return false;\">zo_mi@ceramictiles.com<\/a> ili nas pozovite na: For exact offer, PLS send us quantity and product you need with delivery address..<\/p>\n","protected":false},"excerpt":{"rendered":"<p>Ove narand\u017easte kerami\u010dke plo\u010dice, obogatit \u0107e svaki prostor. Ova plo\u010dica je debela 9 mm i zato je izuzetno izdr\u017eljiva. Plo\u010dica 41&#215;41 cm je dobra za ve\u0107 razli\u010ditih namena. Undefasa gres milo negro dolazi iz \u0160panije, koja je poznata po vrlo visokoj kvaliteta keramike u svetu. Zbog ni\u017eih tro\u0161kova, online prodaje, Vi \u0107e te na na\u0161oj [&hellip;]<\/p>\n","protected":false},"featured_media":92639,"template":"","meta":[],"product_cat":[200,240,999,290,9991688],"product_tag":[],"_links":{"self":[{"href":"https:\/\/www.keramika.com\/srbija\/wp-json\/wp\/v2\/product\/92638"}],"collection":[{"href":"https:\/\/www.keramika.com\/srbija\/wp-json\/wp\/v2\/product"}],"about":[{"href":"https:\/\/www.keramika.com\/srbija\/wp-json\/wp\/v2\/types\/product"}],"wp:featuredmedia":[{"embeddable":true,"href":"https:\/\/www.keramika.com\/srbija\/wp-json\/wp\/v2\/media\/92639"}],"wp:attachment":[{"href":"https:\/\/www.keramika.com\/srbija\/wp-json\/wp\/v2\/media?parent=92638"}],"wp:term":[{"taxonomy":"product_cat","embeddable":true,"href":"https:\/\/www.keramika.com\/srbija\/wp-json\/wp\/v2\/product_cat?post=92638"},{"taxonomy":"product_tag","embeddable":true,"href":"https:\/\/www.keramika.com\/srbija\/wp-json\/wp\/v2\/product_tag?post=92638"}],"curies":[{"name":"wp","href":"https:\/\/api.w.org\/{rel}","templated":true}]}}