{"id":92636,"date":"2017-07-02T02:25:14","date_gmt":"2017-07-02T02:25:14","guid":{"rendered":"http:\/\/www.ceramictiles.com\/srbija\/product\/undefasa-metropolis-marron\/"},"modified":"2026-01-03T00:00:08","modified_gmt":"2026-01-03T00:00:08","slug":"undefasa-metropolis-marron","status":"publish","type":"product","link":"https:\/\/www.keramika.com\/srbija\/undefasa-metropolis-marron\/","title":{"rendered":"Undefasa metropolis marron"},"content":{"rendered":"<p>Plo\u010dica 60&#215;60 cm je dobra za ve\u0107 razli\u010ditih namena. Plo\u010dice braon boje osvje\u017eit \u0107e svaki prostor. plo\u010dica proizvo\u0111a\u010da Undefasa Ceramica iz \u0160panije. 3788,1 RSD je redovna prodajna cena keramike, tu pa samo 3030,25 RSD. 10 mm debljine je dovoljno za zahtevnije kupce.<\/p>\n<p>Kliknite na ime serije za sve plo\u010dice u toj seriji: <a class=\"pdfcatal\" href=\"\/\/www.ceramictiles.com\/pdf\/undefasa\/catalogue_undefasa_metropolis.pdf\" onclick=\"recordOutboundLink(this, 'E-mail', 'Description PDF');return false;\">Undefasa Ceramica Metropolis<\/a><\/p>\n<p>Da bi naru\u010dili model iz PDF kataloga ove serije, molimo vas, da nas kontaktirate na: <a href=\"mailto:zo_mi@ceramictiles.com\" onclick=\"recordOutboundLink(this, 'E-mail', 'Description mail');return false;\">zo_mi@ceramictiles.com<\/a> ili nas pozovite na: For exact offer, PLS send us quantity and product you need with delivery address..<\/p>\n","protected":false},"excerpt":{"rendered":"<p>Plo\u010dica 60&#215;60 cm je dobra za ve\u0107 razli\u010ditih namena. Plo\u010dice braon boje osvje\u017eit \u0107e svaki prostor. plo\u010dica proizvo\u0111a\u010da Undefasa Ceramica iz \u0160panije. 3788,1 RSD je redovna prodajna cena keramike, tu pa samo 3030,25 RSD. 10 mm debljine je dovoljno za zahtevnije kupce. Kliknite na ime serije za sve plo\u010dice u toj seriji: Undefasa Ceramica Metropolis [&hellip;]<\/p>\n","protected":false},"featured_media":92637,"template":"","meta":[],"product_cat":[200,240,999,290,9991688],"product_tag":[],"_links":{"self":[{"href":"https:\/\/www.keramika.com\/srbija\/wp-json\/wp\/v2\/product\/92636"}],"collection":[{"href":"https:\/\/www.keramika.com\/srbija\/wp-json\/wp\/v2\/product"}],"about":[{"href":"https:\/\/www.keramika.com\/srbija\/wp-json\/wp\/v2\/types\/product"}],"wp:featuredmedia":[{"embeddable":true,"href":"https:\/\/www.keramika.com\/srbija\/wp-json\/wp\/v2\/media\/92637"}],"wp:attachment":[{"href":"https:\/\/www.keramika.com\/srbija\/wp-json\/wp\/v2\/media?parent=92636"}],"wp:term":[{"taxonomy":"product_cat","embeddable":true,"href":"https:\/\/www.keramika.com\/srbija\/wp-json\/wp\/v2\/product_cat?post=92636"},{"taxonomy":"product_tag","embeddable":true,"href":"https:\/\/www.keramika.com\/srbija\/wp-json\/wp\/v2\/product_tag?post=92636"}],"curies":[{"name":"wp","href":"https:\/\/api.w.org\/{rel}","templated":true}]}}