{"id":92630,"date":"2017-07-02T02:24:21","date_gmt":"2017-07-02T02:24:21","guid":{"rendered":"http:\/\/www.ceramictiles.com\/srbija\/product\/undefasa-manhattan-blanco\/"},"modified":"2026-01-03T00:00:07","modified_gmt":"2026-01-03T00:00:07","slug":"undefasa-manhattan-blanco","status":"publish","type":"product","link":"https:\/\/www.keramika.com\/srbija\/undefasa-manhattan-blanco\/","title":{"rendered":"Undefasa manhattan blanco"},"content":{"rendered":"<p>plo\u010dica proizvo\u0111a\u010da Undefasa Ceramica iz \u0160panije. Plo\u010dica je debela 10 mm, \u0161to je ubraja u tvrde plo\u010dice. Umesto 3444,25 RSD \u0161to je redovna maloprodajna cena keramike, u na\u0161oj online prodavnici, je mo\u017eete dobiti za samo 2755,4 RSD. Veli\u010dina ove plo\u010dice je 60&#215;60 cm. Keramika je prekrasne bele boje. U koliko \u017eelite neku drugu boju, pozovite nas i mi \u0107emo proveriti kod proizvo\u0111a\u010da.<\/p>\n<p>Kliknite na ime serije za sve plo\u010dice u toj seriji: <a class=\"pdfcatal\" href=\"\/\/www.ceramictiles.com\/pdf\/undefasa\/catalogue_undefasa_manhattan.pdf\" onclick=\"recordOutboundLink(this, 'E-mail', 'Description PDF');return false;\">Undefasa Ceramica Manhattan<\/a><\/p>\n<p>Da bi naru\u010dili model iz PDF kataloga ove serije, molimo vas, da nas kontaktirate na: <a href=\"mailto:zo_mi@ceramictiles.com\" onclick=\"recordOutboundLink(this, 'E-mail', 'Description mail');return false;\">zo_mi@ceramictiles.com<\/a> ili nas pozovite na: For exact offer, PLS send us quantity and product you need with delivery address..<\/p>\n","protected":false},"excerpt":{"rendered":"<p>plo\u010dica proizvo\u0111a\u010da Undefasa Ceramica iz \u0160panije. Plo\u010dica je debela 10 mm, \u0161to je ubraja u tvrde plo\u010dice. Umesto 3444,25 RSD \u0161to je redovna maloprodajna cena keramike, u na\u0161oj online prodavnici, je mo\u017eete dobiti za samo 2755,4 RSD. Veli\u010dina ove plo\u010dice je 60&#215;60 cm. Keramika je prekrasne bele boje. U koliko \u017eelite neku drugu boju, pozovite [&hellip;]<\/p>\n","protected":false},"featured_media":92631,"template":"","meta":[],"product_cat":[200,240,999,290,9991688],"product_tag":[],"_links":{"self":[{"href":"https:\/\/www.keramika.com\/srbija\/wp-json\/wp\/v2\/product\/92630"}],"collection":[{"href":"https:\/\/www.keramika.com\/srbija\/wp-json\/wp\/v2\/product"}],"about":[{"href":"https:\/\/www.keramika.com\/srbija\/wp-json\/wp\/v2\/types\/product"}],"wp:featuredmedia":[{"embeddable":true,"href":"https:\/\/www.keramika.com\/srbija\/wp-json\/wp\/v2\/media\/92631"}],"wp:attachment":[{"href":"https:\/\/www.keramika.com\/srbija\/wp-json\/wp\/v2\/media?parent=92630"}],"wp:term":[{"taxonomy":"product_cat","embeddable":true,"href":"https:\/\/www.keramika.com\/srbija\/wp-json\/wp\/v2\/product_cat?post=92630"},{"taxonomy":"product_tag","embeddable":true,"href":"https:\/\/www.keramika.com\/srbija\/wp-json\/wp\/v2\/product_tag?post=92630"}],"curies":[{"name":"wp","href":"https:\/\/api.w.org\/{rel}","templated":true}]}}