{"id":92620,"date":"2017-07-02T02:22:52","date_gmt":"2017-07-02T02:22:52","guid":{"rendered":"http:\/\/www.ceramictiles.com\/srbija\/product\/undefasa-keramika-gran-transit-gris\/"},"modified":"2026-01-03T00:00:06","modified_gmt":"2026-01-03T00:00:06","slug":"undefasa-keramika-gran-transit-gris","status":"publish","type":"product","link":"https:\/\/www.keramika.com\/srbija\/undefasa-keramika-gran-transit-gris\/","title":{"rendered":"Undefasa keramika gran transit gris"},"content":{"rendered":"<p>Plo\u010dice sive boje, su letos izuzetno tre\u017eene. Debljina plo\u010dice, je vrlo va\u017ena 9 mm i ubraja tu plo\u010dicu me\u0111u najkvalitetnije. Veli\u010dina 41&#215;41 cm je odli\u010dna za sve podloge. plo\u010dica proizvo\u0111a\u010da Undefasa Ceramica iz \u0160panije. Zbog ni\u017eih tro\u0161kova, online prodaje, Vi \u0107e te na na\u0161oj strani ove plo\u010de platiti samo 1622,65 RSD.<\/p>\n<p>Kliknite na ime serije za sve plo\u010dice u toj seriji: <a class=\"pdfcatal\" href=\"\/\/www.ceramictiles.com\/pdf\/undefasa\/catalogue_undefasa_gran_transit.pdf\" onclick=\"recordOutboundLink(this, 'E-mail', 'Description PDF');return false;\">Undefasa Ceramica Gran Transit<\/a><\/p>\n<p>Da bi naru\u010dili model iz PDF kataloga ove serije, molimo vas, da nas kontaktirate na: <a href=\"mailto:zo_mi@ceramictiles.com\" onclick=\"recordOutboundLink(this, 'E-mail', 'Description mail');return false;\">zo_mi@ceramictiles.com<\/a> ili nas pozovite na: For exact offer, PLS send us quantity and product you need with delivery address..<\/p>\n","protected":false},"excerpt":{"rendered":"<p>Plo\u010dice sive boje, su letos izuzetno tre\u017eene. Debljina plo\u010dice, je vrlo va\u017ena 9 mm i ubraja tu plo\u010dicu me\u0111u najkvalitetnije. Veli\u010dina 41&#215;41 cm je odli\u010dna za sve podloge. plo\u010dica proizvo\u0111a\u010da Undefasa Ceramica iz \u0160panije. Zbog ni\u017eih tro\u0161kova, online prodaje, Vi \u0107e te na na\u0161oj strani ove plo\u010de platiti samo 1622,65 RSD. Kliknite na ime serije [&hellip;]<\/p>\n","protected":false},"featured_media":92621,"template":"","meta":[],"product_cat":[200,240,999,290,9991688],"product_tag":[],"_links":{"self":[{"href":"https:\/\/www.keramika.com\/srbija\/wp-json\/wp\/v2\/product\/92620"}],"collection":[{"href":"https:\/\/www.keramika.com\/srbija\/wp-json\/wp\/v2\/product"}],"about":[{"href":"https:\/\/www.keramika.com\/srbija\/wp-json\/wp\/v2\/types\/product"}],"wp:featuredmedia":[{"embeddable":true,"href":"https:\/\/www.keramika.com\/srbija\/wp-json\/wp\/v2\/media\/92621"}],"wp:attachment":[{"href":"https:\/\/www.keramika.com\/srbija\/wp-json\/wp\/v2\/media?parent=92620"}],"wp:term":[{"taxonomy":"product_cat","embeddable":true,"href":"https:\/\/www.keramika.com\/srbija\/wp-json\/wp\/v2\/product_cat?post=92620"},{"taxonomy":"product_tag","embeddable":true,"href":"https:\/\/www.keramika.com\/srbija\/wp-json\/wp\/v2\/product_tag?post=92620"}],"curies":[{"name":"wp","href":"https:\/\/api.w.org\/{rel}","templated":true}]}}