{"id":92618,"date":"2017-07-02T02:22:37","date_gmt":"2017-07-02T02:22:37","guid":{"rendered":"http:\/\/www.ceramictiles.com\/srbija\/product\/undefasa-goya\/"},"modified":"2026-01-03T00:00:06","modified_gmt":"2026-01-03T00:00:06","slug":"undefasa-goya","status":"publish","type":"product","link":"https:\/\/www.keramika.com\/srbija\/undefasa-goya\/","title":{"rendered":"Undefasa goya"},"content":{"rendered":"<p>Zbog ni\u017eih tro\u0161kova, online prodaje, Vi \u0107e te na na\u0161oj strani ove plo\u010de platiti samo 2003,3 RSD. Ove plo\u010dice dolaze od proizvo\u0111a\u010da Undefasa Ceramica, iz \u0160panije. Plo\u010dica 33&#215;60 cm je dobra za ve\u0107 razli\u010ditih namena. Ove be\u017e kerami\u010dke plo\u010dice, obogatit \u0107e svaki prostor. Ova plo\u010dica je debela 9 mm i zato je izuzetno izdr\u017eljiva.<\/p>\n<p>Kliknite na ime serije za sve plo\u010dice u toj seriji: <a class=\"pdfcatal\" href=\"\/\/www.ceramictiles.com\/pdf\/undefasa\/catalogue_undefasa_goya.pdf\" onclick=\"recordOutboundLink(this, 'E-mail', 'Description PDF');return false;\">Undefasa Ceramica Goya<\/a><\/p>\n<p>Da bi naru\u010dili model iz PDF kataloga ove serije, molimo vas, da nas kontaktirate na: <a href=\"mailto:zo_mi@ceramictiles.com\" onclick=\"recordOutboundLink(this, 'E-mail', 'Description mail');return false;\">zo_mi@ceramictiles.com<\/a> ili nas pozovite na: For exact offer, PLS send us quantity and product you need with delivery address..<\/p>\n","protected":false},"excerpt":{"rendered":"<p>Zbog ni\u017eih tro\u0161kova, online prodaje, Vi \u0107e te na na\u0161oj strani ove plo\u010de platiti samo 2003,3 RSD. Ove plo\u010dice dolaze od proizvo\u0111a\u010da Undefasa Ceramica, iz \u0160panije. Plo\u010dica 33&#215;60 cm je dobra za ve\u0107 razli\u010ditih namena. Ove be\u017e kerami\u010dke plo\u010dice, obogatit \u0107e svaki prostor. Ova plo\u010dica je debela 9 mm i zato je izuzetno izdr\u017eljiva. Kliknite [&hellip;]<\/p>\n","protected":false},"featured_media":92619,"template":"","meta":[],"product_cat":[200,220,999,9991688,250],"product_tag":[],"_links":{"self":[{"href":"https:\/\/www.keramika.com\/srbija\/wp-json\/wp\/v2\/product\/92618"}],"collection":[{"href":"https:\/\/www.keramika.com\/srbija\/wp-json\/wp\/v2\/product"}],"about":[{"href":"https:\/\/www.keramika.com\/srbija\/wp-json\/wp\/v2\/types\/product"}],"wp:featuredmedia":[{"embeddable":true,"href":"https:\/\/www.keramika.com\/srbija\/wp-json\/wp\/v2\/media\/92619"}],"wp:attachment":[{"href":"https:\/\/www.keramika.com\/srbija\/wp-json\/wp\/v2\/media?parent=92618"}],"wp:term":[{"taxonomy":"product_cat","embeddable":true,"href":"https:\/\/www.keramika.com\/srbija\/wp-json\/wp\/v2\/product_cat?post=92618"},{"taxonomy":"product_tag","embeddable":true,"href":"https:\/\/www.keramika.com\/srbija\/wp-json\/wp\/v2\/product_tag?post=92618"}],"curies":[{"name":"wp","href":"https:\/\/api.w.org\/{rel}","templated":true}]}}