{"id":92610,"date":"2017-07-02T02:21:17","date_gmt":"2017-07-02T02:21:17","guid":{"rendered":"http:\/\/www.ceramictiles.com\/srbija\/product\/undefasa-keramika-dedalo-marron\/"},"modified":"2026-01-03T00:00:05","modified_gmt":"2026-01-03T00:00:05","slug":"undefasa-keramika-dedalo-marron","status":"publish","type":"product","link":"https:\/\/www.keramika.com\/srbija\/undefasa-keramika-dedalo-marron\/","title":{"rendered":"Undefasa keramika dedalo marron"},"content":{"rendered":"<p>Dimenzije ovih plo\u010dica su 41&#215;41 cm. 9 mm debljine je dovoljno za zahtevnije kupce. Ove braon kerami\u010dke plo\u010dice, obogatit \u0107e svaki prostor. Proizvodnja \u0160panije ,koja je poznata u svetu, kao jedana od najboljih proizvo\u0111a\u010da kerami\u010dkih plo\u010dica. 2028,6 RSD je redovna prodajna cena keramike, tu pa samo 1622,65 RSD.<\/p>\n<p>Kliknite na ime serije za sve plo\u010dice u toj seriji: <a class=\"pdfcatal\" href=\"\/\/www.ceramictiles.com\/pdf\/undefasa\/catalogue_undefasa_dedalo.pdf\" onclick=\"recordOutboundLink(this, 'E-mail', 'Description PDF');return false;\">Undefasa Ceramica Dedalo<\/a><\/p>\n<p>Da bi naru\u010dili model iz PDF kataloga ove serije, molimo vas, da nas kontaktirate na: <a href=\"mailto:zo_mi@ceramictiles.com\" onclick=\"recordOutboundLink(this, 'E-mail', 'Description mail');return false;\">zo_mi@ceramictiles.com<\/a> ili nas pozovite na: For exact offer, PLS send us quantity and product you need with delivery address..<\/p>\n","protected":false},"excerpt":{"rendered":"<p>Dimenzije ovih plo\u010dica su 41&#215;41 cm. 9 mm debljine je dovoljno za zahtevnije kupce. Ove braon kerami\u010dke plo\u010dice, obogatit \u0107e svaki prostor. Proizvodnja \u0160panije ,koja je poznata u svetu, kao jedana od najboljih proizvo\u0111a\u010da kerami\u010dkih plo\u010dica. 2028,6 RSD je redovna prodajna cena keramike, tu pa samo 1622,65 RSD. Kliknite na ime serije za sve plo\u010dice [&hellip;]<\/p>\n","protected":false},"featured_media":92611,"template":"","meta":[],"product_cat":[200,220,240,999,9991688],"product_tag":[99950098],"_links":{"self":[{"href":"https:\/\/www.keramika.com\/srbija\/wp-json\/wp\/v2\/product\/92610"}],"collection":[{"href":"https:\/\/www.keramika.com\/srbija\/wp-json\/wp\/v2\/product"}],"about":[{"href":"https:\/\/www.keramika.com\/srbija\/wp-json\/wp\/v2\/types\/product"}],"wp:featuredmedia":[{"embeddable":true,"href":"https:\/\/www.keramika.com\/srbija\/wp-json\/wp\/v2\/media\/92611"}],"wp:attachment":[{"href":"https:\/\/www.keramika.com\/srbija\/wp-json\/wp\/v2\/media?parent=92610"}],"wp:term":[{"taxonomy":"product_cat","embeddable":true,"href":"https:\/\/www.keramika.com\/srbija\/wp-json\/wp\/v2\/product_cat?post=92610"},{"taxonomy":"product_tag","embeddable":true,"href":"https:\/\/www.keramika.com\/srbija\/wp-json\/wp\/v2\/product_tag?post=92610"}],"curies":[{"name":"wp","href":"https:\/\/api.w.org\/{rel}","templated":true}]}}