{"id":92576,"date":"2017-07-02T02:15:54","date_gmt":"2017-07-02T02:15:54","guid":{"rendered":"http:\/\/www.ceramictiles.com\/srbija\/product\/undefasa-keramika-aruba-teja\/"},"modified":"2026-01-03T00:00:02","modified_gmt":"2026-01-03T00:00:02","slug":"undefasa-keramika-aruba-teja","status":"publish","type":"product","link":"https:\/\/www.keramika.com\/srbija\/undefasa-keramika-aruba-teja\/","title":{"rendered":"Undefasa keramika aruba teja"},"content":{"rendered":"<p>Plo\u010dica 41&#215;41 cm je dobra za ve\u0107 razli\u010ditih namena. Plo\u010dice crne boje osvje\u017eit \u0107e svaki prostor. Undefasa gres aruba teja je proizvod iz \u0160panije te je izuzetno kvalitetna. Undefasa gres aruba teja je dostupna po vrlo povoljnim cenama 1622,65 RSD. Debljina plo\u010dice, je vrlo va\u017ena 9 mm i ubraja tu plo\u010dicu me\u0111u najkvalitetnije.<\/p>\n<p>Kliknite na ime serije za sve plo\u010dice u toj seriji: <a class=\"pdfcatal\" href=\"\/\/www.ceramictiles.com\/pdf\/undefasa\/catalogue_undefasa_aruba.pdf\" onclick=\"recordOutboundLink(this, 'E-mail', 'Description PDF');return false;\">Undefasa Ceramica Aruba<\/a><\/p>\n<p>Da bi naru\u010dili model iz PDF kataloga ove serije, molimo vas, da nas kontaktirate na: <a href=\"mailto:zo_mi@ceramictiles.com\" onclick=\"recordOutboundLink(this, 'E-mail', 'Description mail');return false;\">zo_mi@ceramictiles.com<\/a> ili nas pozovite na: For exact offer, PLS send us quantity and product you need with delivery address..<\/p>\n","protected":false},"excerpt":{"rendered":"<p>Plo\u010dica 41&#215;41 cm je dobra za ve\u0107 razli\u010ditih namena. Plo\u010dice crne boje osvje\u017eit \u0107e svaki prostor. Undefasa gres aruba teja je proizvod iz \u0160panije te je izuzetno kvalitetna. Undefasa gres aruba teja je dostupna po vrlo povoljnim cenama 1622,65 RSD. Debljina plo\u010dice, je vrlo va\u017ena 9 mm i ubraja tu plo\u010dicu me\u0111u najkvalitetnije. Kliknite na [&hellip;]<\/p>\n","protected":false},"featured_media":92577,"template":"","meta":[],"product_cat":[200,230,240,999,9991688],"product_tag":[],"_links":{"self":[{"href":"https:\/\/www.keramika.com\/srbija\/wp-json\/wp\/v2\/product\/92576"}],"collection":[{"href":"https:\/\/www.keramika.com\/srbija\/wp-json\/wp\/v2\/product"}],"about":[{"href":"https:\/\/www.keramika.com\/srbija\/wp-json\/wp\/v2\/types\/product"}],"wp:featuredmedia":[{"embeddable":true,"href":"https:\/\/www.keramika.com\/srbija\/wp-json\/wp\/v2\/media\/92577"}],"wp:attachment":[{"href":"https:\/\/www.keramika.com\/srbija\/wp-json\/wp\/v2\/media?parent=92576"}],"wp:term":[{"taxonomy":"product_cat","embeddable":true,"href":"https:\/\/www.keramika.com\/srbija\/wp-json\/wp\/v2\/product_cat?post=92576"},{"taxonomy":"product_tag","embeddable":true,"href":"https:\/\/www.keramika.com\/srbija\/wp-json\/wp\/v2\/product_tag?post=92576"}],"curies":[{"name":"wp","href":"https:\/\/api.w.org\/{rel}","templated":true}]}}