{"id":92574,"date":"2017-07-02T02:15:39","date_gmt":"2017-07-02T02:15:39","guid":{"rendered":"http:\/\/www.ceramictiles.com\/srbija\/product\/undefasa-arlequin-rojo\/"},"modified":"2026-01-03T00:00:02","modified_gmt":"2026-01-03T00:00:02","slug":"undefasa-arlequin-rojo","status":"publish","type":"product","link":"https:\/\/www.keramika.com\/srbija\/undefasa-arlequin-rojo\/","title":{"rendered":"Undefasa arlequin rojo"},"content":{"rendered":"<p>Ove crvene kerami\u010dke plo\u010dice, obogatit \u0107e svaki prostor. Plo\u010dice dolaze iz \u0160panije, koja je poznata po kvalitetnoj keramiki. Debljina plo\u010dice, je vrlo va\u017ena 8 mm i ubraja tu plo\u010dicu me\u0111u najkvalitetnije. 2662,25 RSD je redovna prodajna cena keramike, tu pa samo 2129,8 RSD. Veli\u010dina 28&#215;44 cm je odli\u010dna za sve podloge.<\/p>\n<p>Kliknite na ime serije za sve plo\u010dice u toj seriji: <a class=\"pdfcatal\" href=\"\/\/www.ceramictiles.com\/pdf\/undefasa\/catalogue_undefasa_arlequin.pdf\" onclick=\"recordOutboundLink(this, 'E-mail', 'Description PDF');return false;\">Undefasa Ceramica Arlequin<\/a><\/p>\n<p>Da bi naru\u010dili model iz PDF kataloga ove serije, molimo vas, da nas kontaktirate na: <a href=\"mailto:zo_mi@ceramictiles.com\" onclick=\"recordOutboundLink(this, 'E-mail', 'Description mail');return false;\">zo_mi@ceramictiles.com<\/a> ili nas pozovite na: For exact offer, PLS send us quantity and product you need with delivery address..<\/p>\n","protected":false},"excerpt":{"rendered":"<p>Ove crvene kerami\u010dke plo\u010dice, obogatit \u0107e svaki prostor. Plo\u010dice dolaze iz \u0160panije, koja je poznata po kvalitetnoj keramiki. Debljina plo\u010dice, je vrlo va\u017ena 8 mm i ubraja tu plo\u010dicu me\u0111u najkvalitetnije. 2662,25 RSD je redovna prodajna cena keramike, tu pa samo 2129,8 RSD. Veli\u010dina 28&#215;44 cm je odli\u010dna za sve podloge. Kliknite na ime serije [&hellip;]<\/p>\n","protected":false},"featured_media":92575,"template":"","meta":[],"product_cat":[200,220,999,9991688,250],"product_tag":[],"_links":{"self":[{"href":"https:\/\/www.keramika.com\/srbija\/wp-json\/wp\/v2\/product\/92574"}],"collection":[{"href":"https:\/\/www.keramika.com\/srbija\/wp-json\/wp\/v2\/product"}],"about":[{"href":"https:\/\/www.keramika.com\/srbija\/wp-json\/wp\/v2\/types\/product"}],"wp:featuredmedia":[{"embeddable":true,"href":"https:\/\/www.keramika.com\/srbija\/wp-json\/wp\/v2\/media\/92575"}],"wp:attachment":[{"href":"https:\/\/www.keramika.com\/srbija\/wp-json\/wp\/v2\/media?parent=92574"}],"wp:term":[{"taxonomy":"product_cat","embeddable":true,"href":"https:\/\/www.keramika.com\/srbija\/wp-json\/wp\/v2\/product_cat?post=92574"},{"taxonomy":"product_tag","embeddable":true,"href":"https:\/\/www.keramika.com\/srbija\/wp-json\/wp\/v2\/product_tag?post=92574"}],"curies":[{"name":"wp","href":"https:\/\/api.w.org\/{rel}","templated":true}]}}