{"id":92572,"date":"2017-07-02T02:15:19","date_gmt":"2017-07-02T02:15:19","guid":{"rendered":"http:\/\/www.ceramictiles.com\/srbija\/product\/undefasa-keramika-ariadna-blanco\/"},"modified":"2026-01-03T00:00:02","modified_gmt":"2026-01-03T00:00:02","slug":"undefasa-keramika-ariadna-blanco","status":"publish","type":"product","link":"https:\/\/www.keramika.com\/srbija\/undefasa-keramika-ariadna-blanco\/","title":{"rendered":"Undefasa keramika ariadna blanco"},"content":{"rendered":"<p>Debljina 9 mm \u010dini plo\u010dicu vrlo izdr\u017eljivom i prijatnom na dodir. plo\u010dica proizvo\u0111a\u010da Undefasa Ceramica iz \u0160panije. Plo\u010dice bele boje, su letos izuzetno tre\u017eene. Veli\u010dina ove plo\u010dice je 33&#215;33 cm. Redovna cena, ovih plo\u010dica u maloprodaji je 1987,2 RSD. U na\u0161oj online trgovini, je mo\u017eete kupiti za 1589,3 RSD.<\/p>\n<p>Kliknite na ime serije za sve plo\u010dice u toj seriji: <a class=\"pdfcatal\" href=\"\/\/www.ceramictiles.com\/pdf\/undefasa\/catalogue_undefasa_ariadna.pdf\" onclick=\"recordOutboundLink(this, 'E-mail', 'Description PDF');return false;\">Undefasa Ceramica Ariadna<\/a><\/p>\n<p>Da bi naru\u010dili model iz PDF kataloga ove serije, molimo vas, da nas kontaktirate na: <a href=\"mailto:zo_mi@ceramictiles.com\" onclick=\"recordOutboundLink(this, 'E-mail', 'Description mail');return false;\">zo_mi@ceramictiles.com<\/a> ili nas pozovite na: For exact offer, PLS send us quantity and product you need with delivery address..<\/p>\n","protected":false},"excerpt":{"rendered":"<p>Debljina 9 mm \u010dini plo\u010dicu vrlo izdr\u017eljivom i prijatnom na dodir. plo\u010dica proizvo\u0111a\u010da Undefasa Ceramica iz \u0160panije. Plo\u010dice bele boje, su letos izuzetno tre\u017eene. Veli\u010dina ove plo\u010dice je 33&#215;33 cm. Redovna cena, ovih plo\u010dica u maloprodaji je 1987,2 RSD. U na\u0161oj online trgovini, je mo\u017eete kupiti za 1589,3 RSD. Kliknite na ime serije za sve [&hellip;]<\/p>\n","protected":false},"featured_media":92573,"template":"","meta":[],"product_cat":[200,220,240,999,9991688],"product_tag":[],"_links":{"self":[{"href":"https:\/\/www.keramika.com\/srbija\/wp-json\/wp\/v2\/product\/92572"}],"collection":[{"href":"https:\/\/www.keramika.com\/srbija\/wp-json\/wp\/v2\/product"}],"about":[{"href":"https:\/\/www.keramika.com\/srbija\/wp-json\/wp\/v2\/types\/product"}],"wp:featuredmedia":[{"embeddable":true,"href":"https:\/\/www.keramika.com\/srbija\/wp-json\/wp\/v2\/media\/92573"}],"wp:attachment":[{"href":"https:\/\/www.keramika.com\/srbija\/wp-json\/wp\/v2\/media?parent=92572"}],"wp:term":[{"taxonomy":"product_cat","embeddable":true,"href":"https:\/\/www.keramika.com\/srbija\/wp-json\/wp\/v2\/product_cat?post=92572"},{"taxonomy":"product_tag","embeddable":true,"href":"https:\/\/www.keramika.com\/srbija\/wp-json\/wp\/v2\/product_tag?post=92572"}],"curies":[{"name":"wp","href":"https:\/\/api.w.org\/{rel}","templated":true}]}}