{"id":92570,"date":"2017-07-02T02:15:04","date_gmt":"2017-07-02T02:15:04","guid":{"rendered":"http:\/\/www.ceramictiles.com\/srbija\/product\/undefasa-ares-cemento\/"},"modified":"2026-01-03T00:00:02","modified_gmt":"2026-01-03T00:00:02","slug":"undefasa-ares-cemento","status":"publish","type":"product","link":"https:\/\/www.keramika.com\/srbija\/undefasa-ares-cemento\/","title":{"rendered":"Undefasa ares cemento"},"content":{"rendered":"<p>Plo\u010dice dolaze iz \u0160panije, koja je poznata po kvalitetnoj keramiki. Izuzetno moderne plo\u010dice sive boje, osve\u017eit \u0107e svaki prostor. Online cena je samo 3482,2 RSD, dok redovna, maloprodajna cena 4351,6 RSD. Veli\u010dina 33&#215;66 cm je odli\u010dna za sve podloge. Ova plo\u010dica je debela 9 mm i zato je izuzetno izdr\u017eljiva.<\/p>\n<p>Kliknite na ime serije za sve plo\u010dice u toj seriji: <a class=\"pdfcatal\" href=\"\/\/www.ceramictiles.com\/pdf\/undefasa\/catalogue_undefasa_ares.pdf\" onclick=\"recordOutboundLink(this, 'E-mail', 'Description PDF');return false;\">Undefasa Ceramica Ares<\/a><\/p>\n<p>Da bi naru\u010dili model iz PDF kataloga ove serije, molimo vas, da nas kontaktirate na: <a href=\"mailto:zo_mi@ceramictiles.com\" onclick=\"recordOutboundLink(this, 'E-mail', 'Description mail');return false;\">zo_mi@ceramictiles.com<\/a> ili nas pozovite na: For exact offer, PLS send us quantity and product you need with delivery address..<\/p>\n","protected":false},"excerpt":{"rendered":"<p>Plo\u010dice dolaze iz \u0160panije, koja je poznata po kvalitetnoj keramiki. Izuzetno moderne plo\u010dice sive boje, osve\u017eit \u0107e svaki prostor. Online cena je samo 3482,2 RSD, dok redovna, maloprodajna cena 4351,6 RSD. Veli\u010dina 33&#215;66 cm je odli\u010dna za sve podloge. Ova plo\u010dica je debela 9 mm i zato je izuzetno izdr\u017eljiva. Kliknite na ime serije za [&hellip;]<\/p>\n","protected":false},"featured_media":92571,"template":"","meta":[],"product_cat":[200,240,999,270,9991688],"product_tag":[],"_links":{"self":[{"href":"https:\/\/www.keramika.com\/srbija\/wp-json\/wp\/v2\/product\/92570"}],"collection":[{"href":"https:\/\/www.keramika.com\/srbija\/wp-json\/wp\/v2\/product"}],"about":[{"href":"https:\/\/www.keramika.com\/srbija\/wp-json\/wp\/v2\/types\/product"}],"wp:featuredmedia":[{"embeddable":true,"href":"https:\/\/www.keramika.com\/srbija\/wp-json\/wp\/v2\/media\/92571"}],"wp:attachment":[{"href":"https:\/\/www.keramika.com\/srbija\/wp-json\/wp\/v2\/media?parent=92570"}],"wp:term":[{"taxonomy":"product_cat","embeddable":true,"href":"https:\/\/www.keramika.com\/srbija\/wp-json\/wp\/v2\/product_cat?post=92570"},{"taxonomy":"product_tag","embeddable":true,"href":"https:\/\/www.keramika.com\/srbija\/wp-json\/wp\/v2\/product_tag?post=92570"}],"curies":[{"name":"wp","href":"https:\/\/api.w.org\/{rel}","templated":true}]}}