{"id":92526,"date":"2017-07-02T02:09:42","date_gmt":"2017-07-02T02:09:42","guid":{"rendered":"http:\/\/www.ceramictiles.com\/srbija\/product\/halcon-urban-grafito\/"},"modified":"2026-01-02T00:03:53","modified_gmt":"2026-01-02T00:03:53","slug":"halcon-urban-grafito","status":"publish","type":"product","link":"https:\/\/www.keramika.com\/srbija\/halcon-urban-grafito\/","title":{"rendered":"Halcon Urban  Grafito"},"content":{"rendered":"<p>Plo\u010dice crne boje, su letos izuzetno tre\u017eene. \u0160irina i du\u017eina plo\u010dice su 40,5&#215;60,8 cm. Online cena je samo 2271,25 RSD, dok redovna, maloprodajna cena 2839,35 RSD. Plo\u010dice dolaze iz \u0160panije, koja je poznata po kvalitetnoj keramiki. Plo\u010dica je debela 9 mm, \u0161to je ubraja u tvrde plo\u010dice.<\/p>\n<p>Kliknite na ime serije za sve plo\u010dice u toj seriji: <a class=\"pdfcatal\" href=\"\/\/www.ceramictiles.com\/pdf\/halcon\/catalogue_halcon_urban.pdf\" onclick=\"recordOutboundLink(this, 'E-mail', 'Description PDF');return false;\">Halcon Ceramicas Urban<\/a><\/p>\n<p>Da bi naru\u010dili model iz PDF kataloga ove serije, molimo vas, da nas kontaktirate na: <a href=\"mailto:zo_mi@ceramictiles.com\" onclick=\"recordOutboundLink(this, 'E-mail', 'Description mail');return false;\">zo_mi@ceramictiles.com<\/a> ili nas pozovite na: For exact offer, PLS send us quantity and product you need with delivery address..<\/p>\n","protected":false},"excerpt":{"rendered":"<p>Plo\u010dice crne boje, su letos izuzetno tre\u017eene. \u0160irina i du\u017eina plo\u010dice su 40,5&#215;60,8 cm. Online cena je samo 2271,25 RSD, dok redovna, maloprodajna cena 2839,35 RSD. Plo\u010dice dolaze iz \u0160panije, koja je poznata po kvalitetnoj keramiki. Plo\u010dica je debela 9 mm, \u0161to je ubraja u tvrde plo\u010dice. Kliknite na ime serije za sve plo\u010dice u [&hellip;]<\/p>\n","protected":false},"featured_media":92527,"template":"","meta":[],"product_cat":[99946,200,260,999,290],"product_tag":[],"_links":{"self":[{"href":"https:\/\/www.keramika.com\/srbija\/wp-json\/wp\/v2\/product\/92526"}],"collection":[{"href":"https:\/\/www.keramika.com\/srbija\/wp-json\/wp\/v2\/product"}],"about":[{"href":"https:\/\/www.keramika.com\/srbija\/wp-json\/wp\/v2\/types\/product"}],"wp:featuredmedia":[{"embeddable":true,"href":"https:\/\/www.keramika.com\/srbija\/wp-json\/wp\/v2\/media\/92527"}],"wp:attachment":[{"href":"https:\/\/www.keramika.com\/srbija\/wp-json\/wp\/v2\/media?parent=92526"}],"wp:term":[{"taxonomy":"product_cat","embeddable":true,"href":"https:\/\/www.keramika.com\/srbija\/wp-json\/wp\/v2\/product_cat?post=92526"},{"taxonomy":"product_tag","embeddable":true,"href":"https:\/\/www.keramika.com\/srbija\/wp-json\/wp\/v2\/product_tag?post=92526"}],"curies":[{"name":"wp","href":"https:\/\/api.w.org\/{rel}","templated":true}]}}