{"id":92524,"date":"2017-07-02T02:09:24","date_gmt":"2017-07-02T02:09:24","guid":{"rendered":"http:\/\/www.ceramictiles.com\/srbija\/product\/halcon-style-turquesa\/"},"modified":"2026-01-02T00:03:53","modified_gmt":"2026-01-02T00:03:53","slug":"halcon-style-turquesa","status":"publish","type":"product","link":"https:\/\/www.keramika.com\/srbija\/halcon-style-turquesa\/","title":{"rendered":"Halcon Style Turquesa"},"content":{"rendered":"<p>9 mm debljine je dovoljno za zahtevnije kupce. Halcon Style Turquesa dolazi iz \u0160panije, koja je poznata po vrlo visokoj kvaliteta keramike u svetu. Halcon Style Turquesa je dostupna po vrlo povoljnim cenama 1572,05 RSD. Plo\u010dice plave boje osvje\u017eit \u0107e svaki prostor. Dimenzije ovih plo\u010dica su 20&#215;50 cm.<\/p>\n<p>Kliknite na ime serije za sve plo\u010dice u toj seriji: <a class=\"pdfcatal\" href=\"\/\/www.ceramictiles.com\/pdf\/halcon\/catalogue_halcon_style.pdf\" onclick=\"recordOutboundLink(this, 'E-mail', 'Description PDF');return false;\">Halcon Ceramicas Style<\/a><\/p>\n<p>Da bi naru\u010dili model iz PDF kataloga ove serije, molimo vas, da nas kontaktirate na: <a href=\"mailto:zo_mi@ceramictiles.com\" onclick=\"recordOutboundLink(this, 'E-mail', 'Description mail');return false;\">zo_mi@ceramictiles.com<\/a> ili nas pozovite na: For exact offer, PLS send us quantity and product you need with delivery address..<\/p>\n","protected":false},"excerpt":{"rendered":"<p>9 mm debljine je dovoljno za zahtevnije kupce. Halcon Style Turquesa dolazi iz \u0160panije, koja je poznata po vrlo visokoj kvaliteta keramike u svetu. Halcon Style Turquesa je dostupna po vrlo povoljnim cenama 1572,05 RSD. Plo\u010dice plave boje osvje\u017eit \u0107e svaki prostor. Dimenzije ovih plo\u010dica su 20&#215;50 cm. Kliknite na ime serije za sve plo\u010dice [&hellip;]<\/p>\n","protected":false},"featured_media":92525,"template":"","meta":[],"product_cat":[99946,200,220,999,250],"product_tag":[],"_links":{"self":[{"href":"https:\/\/www.keramika.com\/srbija\/wp-json\/wp\/v2\/product\/92524"}],"collection":[{"href":"https:\/\/www.keramika.com\/srbija\/wp-json\/wp\/v2\/product"}],"about":[{"href":"https:\/\/www.keramika.com\/srbija\/wp-json\/wp\/v2\/types\/product"}],"wp:featuredmedia":[{"embeddable":true,"href":"https:\/\/www.keramika.com\/srbija\/wp-json\/wp\/v2\/media\/92525"}],"wp:attachment":[{"href":"https:\/\/www.keramika.com\/srbija\/wp-json\/wp\/v2\/media?parent=92524"}],"wp:term":[{"taxonomy":"product_cat","embeddable":true,"href":"https:\/\/www.keramika.com\/srbija\/wp-json\/wp\/v2\/product_cat?post=92524"},{"taxonomy":"product_tag","embeddable":true,"href":"https:\/\/www.keramika.com\/srbija\/wp-json\/wp\/v2\/product_tag?post=92524"}],"curies":[{"name":"wp","href":"https:\/\/api.w.org\/{rel}","templated":true}]}}