{"id":92518,"date":"2017-07-02T02:08:28","date_gmt":"2017-07-02T02:08:28","guid":{"rendered":"http:\/\/www.ceramictiles.com\/srbija\/product\/halcon-prisma-naranja\/"},"modified":"2026-01-02T00:03:52","modified_gmt":"2026-01-02T00:03:52","slug":"halcon-prisma-naranja","status":"publish","type":"product","link":"https:\/\/www.keramika.com\/srbija\/halcon-prisma-naranja\/","title":{"rendered":"Halcon Prisma Naranja"},"content":{"rendered":"<p>U maloprodaji bi morali za tu plo\u010dicu platiti 2446,05 RSD, online cena je samo 1956,15 RSD. Ove narand\u017easte kerami\u010dke plo\u010dice, obogatit \u0107e svaki prostor. Plo\u010dica je debela 9 mm, \u0161to je ubraja u tvrde plo\u010dice. Veli\u010dina ove plo\u010dice je 33,8&#215;33,8 cm. Ove plo\u010dice dolaze od proizvo\u0111a\u010da Halcon Ceramicas, iz \u0160panije.<\/p>\n<p>Kliknite na ime serije za sve plo\u010dice u toj seriji: <a class=\"pdfcatal\" href=\"\/\/www.ceramictiles.com\/pdf\/halcon\/catalogue_halcon_prisma.pdf\" onclick=\"recordOutboundLink(this, 'E-mail', 'Description PDF');return false;\">Halcon Ceramicas Prisma<\/a><\/p>\n<p>Da bi naru\u010dili model iz PDF kataloga ove serije, molimo vas, da nas kontaktirate na: <a href=\"mailto:zo_mi@ceramictiles.com\" onclick=\"recordOutboundLink(this, 'E-mail', 'Description mail');return false;\">zo_mi@ceramictiles.com<\/a> ili nas pozovite na: For exact offer, PLS send us quantity and product you need with delivery address..<\/p>\n","protected":false},"excerpt":{"rendered":"<p>U maloprodaji bi morali za tu plo\u010dicu platiti 2446,05 RSD, online cena je samo 1956,15 RSD. Ove narand\u017easte kerami\u010dke plo\u010dice, obogatit \u0107e svaki prostor. Plo\u010dica je debela 9 mm, \u0161to je ubraja u tvrde plo\u010dice. Veli\u010dina ove plo\u010dice je 33,8&#215;33,8 cm. Ove plo\u010dice dolaze od proizvo\u0111a\u010da Halcon Ceramicas, iz \u0160panije. Kliknite na ime serije za [&hellip;]<\/p>\n","protected":false},"featured_media":92519,"template":"","meta":[],"product_cat":[99946,200,230,240,999],"product_tag":[],"_links":{"self":[{"href":"https:\/\/www.keramika.com\/srbija\/wp-json\/wp\/v2\/product\/92518"}],"collection":[{"href":"https:\/\/www.keramika.com\/srbija\/wp-json\/wp\/v2\/product"}],"about":[{"href":"https:\/\/www.keramika.com\/srbija\/wp-json\/wp\/v2\/types\/product"}],"wp:featuredmedia":[{"embeddable":true,"href":"https:\/\/www.keramika.com\/srbija\/wp-json\/wp\/v2\/media\/92519"}],"wp:attachment":[{"href":"https:\/\/www.keramika.com\/srbija\/wp-json\/wp\/v2\/media?parent=92518"}],"wp:term":[{"taxonomy":"product_cat","embeddable":true,"href":"https:\/\/www.keramika.com\/srbija\/wp-json\/wp\/v2\/product_cat?post=92518"},{"taxonomy":"product_tag","embeddable":true,"href":"https:\/\/www.keramika.com\/srbija\/wp-json\/wp\/v2\/product_tag?post=92518"}],"curies":[{"name":"wp","href":"https:\/\/api.w.org\/{rel}","templated":true}]}}