{"id":92514,"date":"2017-07-02T02:07:51","date_gmt":"2017-07-02T02:07:51","guid":{"rendered":"http:\/\/www.ceramictiles.com\/srbija\/product\/halcon-look-chocolate\/"},"modified":"2026-01-02T00:03:52","modified_gmt":"2026-01-02T00:03:52","slug":"halcon-look-chocolate","status":"publish","type":"product","link":"https:\/\/www.keramika.com\/srbija\/halcon-look-chocolate\/","title":{"rendered":"Halcon Look Chocolate"},"content":{"rendered":"<p>Plo\u010dice dolaze iz \u0160panije, koja je poznata po kvalitetnoj keramiki. \u0160irina i du\u017eina plo\u010dice su 20&#215;50 cm. Plo\u010dice braon boje, su letos izuzetno tre\u017eene. 9 mm debljina \u0107e zadovoljiti i najzahtevnije kupce. Redovna cena, ovih plo\u010dica u maloprodaji je 1965,35 RSD. U na\u0161oj online trgovini, je mo\u017eete kupiti za 1572,05 RSD.<\/p>\n<p>Kliknite na ime serije za sve plo\u010dice u toj seriji: <a class=\"pdfcatal\" href=\"\/\/www.ceramictiles.com\/pdf\/halcon\/catalogue_halcon_look.pdf\" onclick=\"recordOutboundLink(this, 'E-mail', 'Description PDF');return false;\">Halcon Ceramicas Look<\/a><\/p>\n<p>Da bi naru\u010dili model iz PDF kataloga ove serije, molimo vas, da nas kontaktirate na: <a href=\"mailto:zo_mi@ceramictiles.com\" onclick=\"recordOutboundLink(this, 'E-mail', 'Description mail');return false;\">zo_mi@ceramictiles.com<\/a> ili nas pozovite na: For exact offer, PLS send us quantity and product you need with delivery address..<\/p>\n","protected":false},"excerpt":{"rendered":"<p>Plo\u010dice dolaze iz \u0160panije, koja je poznata po kvalitetnoj keramiki. \u0160irina i du\u017eina plo\u010dice su 20&#215;50 cm. Plo\u010dice braon boje, su letos izuzetno tre\u017eene. 9 mm debljina \u0107e zadovoljiti i najzahtevnije kupce. Redovna cena, ovih plo\u010dica u maloprodaji je 1965,35 RSD. U na\u0161oj online trgovini, je mo\u017eete kupiti za 1572,05 RSD. Kliknite na ime serije [&hellip;]<\/p>\n","protected":false},"featured_media":92515,"template":"","meta":[],"product_cat":[99946,200,220,240,999],"product_tag":[],"_links":{"self":[{"href":"https:\/\/www.keramika.com\/srbija\/wp-json\/wp\/v2\/product\/92514"}],"collection":[{"href":"https:\/\/www.keramika.com\/srbija\/wp-json\/wp\/v2\/product"}],"about":[{"href":"https:\/\/www.keramika.com\/srbija\/wp-json\/wp\/v2\/types\/product"}],"wp:featuredmedia":[{"embeddable":true,"href":"https:\/\/www.keramika.com\/srbija\/wp-json\/wp\/v2\/media\/92515"}],"wp:attachment":[{"href":"https:\/\/www.keramika.com\/srbija\/wp-json\/wp\/v2\/media?parent=92514"}],"wp:term":[{"taxonomy":"product_cat","embeddable":true,"href":"https:\/\/www.keramika.com\/srbija\/wp-json\/wp\/v2\/product_cat?post=92514"},{"taxonomy":"product_tag","embeddable":true,"href":"https:\/\/www.keramika.com\/srbija\/wp-json\/wp\/v2\/product_tag?post=92514"}],"curies":[{"name":"wp","href":"https:\/\/api.w.org\/{rel}","templated":true}]}}