{"id":92512,"date":"2017-07-02T02:07:34","date_gmt":"2017-07-02T02:07:34","guid":{"rendered":"http:\/\/www.ceramictiles.com\/srbija\/product\/halcon-life-lila\/"},"modified":"2026-01-02T00:03:52","modified_gmt":"2026-01-02T00:03:52","slug":"halcon-life-lila","status":"publish","type":"product","link":"https:\/\/www.keramika.com\/srbija\/halcon-life-lila\/","title":{"rendered":"Halcon Life Lila"},"content":{"rendered":"<p>Debljina 9 mm \u010dini plo\u010dicu vrlo izdr\u017eljivom i prijatnom na dodir. Dimenzije ovih plo\u010dica su 20&#215;50 cm. Keramika je prekrasne ljubi\u010daste boje. U koliko \u017eelite neku drugu boju, pozovite nas i mi \u0107emo proveriti kod proizvo\u0111a\u010da. Ove plo\u010dice dolaze od proizvo\u0111a\u010da Halcon Ceramicas, iz \u0160panije. Redovna cena, ovih plo\u010dica u maloprodaji je 1965,35 RSD. U na\u0161oj online trgovini, je mo\u017eete kupiti za 1572,05 RSD.<\/p>\n<p>Kliknite na ime serije za sve plo\u010dice u toj seriji: <a class=\"pdfcatal\" href=\"\/\/www.ceramictiles.com\/pdf\/halcon\/catalogue_halcon_life.pdf\" onclick=\"recordOutboundLink(this, 'E-mail', 'Description PDF');return false;\">Halcon Ceramicas Life<\/a><\/p>\n<p>Da bi naru\u010dili model iz PDF kataloga ove serije, molimo vas, da nas kontaktirate na: <a href=\"mailto:zo_mi@ceramictiles.com\" onclick=\"recordOutboundLink(this, 'E-mail', 'Description mail');return false;\">zo_mi@ceramictiles.com<\/a> ili nas pozovite na: For exact offer, PLS send us quantity and product you need with delivery address..<\/p>\n","protected":false},"excerpt":{"rendered":"<p>Debljina 9 mm \u010dini plo\u010dicu vrlo izdr\u017eljivom i prijatnom na dodir. Dimenzije ovih plo\u010dica su 20&#215;50 cm. Keramika je prekrasne ljubi\u010daste boje. U koliko \u017eelite neku drugu boju, pozovite nas i mi \u0107emo proveriti kod proizvo\u0111a\u010da. Ove plo\u010dice dolaze od proizvo\u0111a\u010da Halcon Ceramicas, iz \u0160panije. Redovna cena, ovih plo\u010dica u maloprodaji je 1965,35 RSD. U [&hellip;]<\/p>\n","protected":false},"featured_media":92513,"template":"","meta":[],"product_cat":[99946,200,220,999,250],"product_tag":[99950090],"_links":{"self":[{"href":"https:\/\/www.keramika.com\/srbija\/wp-json\/wp\/v2\/product\/92512"}],"collection":[{"href":"https:\/\/www.keramika.com\/srbija\/wp-json\/wp\/v2\/product"}],"about":[{"href":"https:\/\/www.keramika.com\/srbija\/wp-json\/wp\/v2\/types\/product"}],"wp:featuredmedia":[{"embeddable":true,"href":"https:\/\/www.keramika.com\/srbija\/wp-json\/wp\/v2\/media\/92513"}],"wp:attachment":[{"href":"https:\/\/www.keramika.com\/srbija\/wp-json\/wp\/v2\/media?parent=92512"}],"wp:term":[{"taxonomy":"product_cat","embeddable":true,"href":"https:\/\/www.keramika.com\/srbija\/wp-json\/wp\/v2\/product_cat?post=92512"},{"taxonomy":"product_tag","embeddable":true,"href":"https:\/\/www.keramika.com\/srbija\/wp-json\/wp\/v2\/product_tag?post=92512"}],"curies":[{"name":"wp","href":"https:\/\/api.w.org\/{rel}","templated":true}]}}