{"id":92510,"date":"2017-07-02T02:07:16","date_gmt":"2017-07-02T02:07:16","guid":{"rendered":"http:\/\/www.ceramictiles.com\/srbija\/product\/halcon-jaspe-beige\/"},"modified":"2026-01-02T00:03:52","modified_gmt":"2026-01-02T00:03:52","slug":"halcon-jaspe-beige","status":"publish","type":"product","link":"https:\/\/www.keramika.com\/srbija\/halcon-jaspe-beige\/","title":{"rendered":"Halcon Jaspe Beige"},"content":{"rendered":"<p>Veli\u010dina 33,3&#215;33,3 cm je odli\u010dna za sve podloge. Ove be\u017e kerami\u010dke plo\u010dice, obogatit \u0107e svaki prostor. Ova plo\u010dica je debela 9 mm i zato je izuzetno izdr\u017eljiva. Halcon Jaspe Beige je proizvod iz \u0160panije te je izuzetno kvalitetna. Zbog ni\u017eih tro\u0161kova, online prodaje, Vi \u0107e te na na\u0161oj strani ove plo\u010de platiti samo 1815,85 RSD.<\/p>\n<p>Kliknite na ime serije za sve plo\u010dice u toj seriji: <a class=\"pdfcatal\" href=\"\/\/www.ceramictiles.com\/pdf\/halcon\/catalogue_halcon_jaspe.pdf\" onclick=\"recordOutboundLink(this, 'E-mail', 'Description PDF');return false;\">Halcon Ceramicas Jaspe<\/a><\/p>\n<p>Da bi naru\u010dili model iz PDF kataloga ove serije, molimo vas, da nas kontaktirate na: <a href=\"mailto:zo_mi@ceramictiles.com\" onclick=\"recordOutboundLink(this, 'E-mail', 'Description mail');return false;\">zo_mi@ceramictiles.com<\/a> ili nas pozovite na: For exact offer, PLS send us quantity and product you need with delivery address..<\/p>\n","protected":false},"excerpt":{"rendered":"<p>Veli\u010dina 33,3&#215;33,3 cm je odli\u010dna za sve podloge. Ove be\u017e kerami\u010dke plo\u010dice, obogatit \u0107e svaki prostor. Ova plo\u010dica je debela 9 mm i zato je izuzetno izdr\u017eljiva. Halcon Jaspe Beige je proizvod iz \u0160panije te je izuzetno kvalitetna. Zbog ni\u017eih tro\u0161kova, online prodaje, Vi \u0107e te na na\u0161oj strani ove plo\u010de platiti samo 1815,85 RSD. [&hellip;]<\/p>\n","protected":false},"featured_media":92511,"template":"","meta":[],"product_cat":[99946,200,260,999,290],"product_tag":[99950100],"_links":{"self":[{"href":"https:\/\/www.keramika.com\/srbija\/wp-json\/wp\/v2\/product\/92510"}],"collection":[{"href":"https:\/\/www.keramika.com\/srbija\/wp-json\/wp\/v2\/product"}],"about":[{"href":"https:\/\/www.keramika.com\/srbija\/wp-json\/wp\/v2\/types\/product"}],"wp:featuredmedia":[{"embeddable":true,"href":"https:\/\/www.keramika.com\/srbija\/wp-json\/wp\/v2\/media\/92511"}],"wp:attachment":[{"href":"https:\/\/www.keramika.com\/srbija\/wp-json\/wp\/v2\/media?parent=92510"}],"wp:term":[{"taxonomy":"product_cat","embeddable":true,"href":"https:\/\/www.keramika.com\/srbija\/wp-json\/wp\/v2\/product_cat?post=92510"},{"taxonomy":"product_tag","embeddable":true,"href":"https:\/\/www.keramika.com\/srbija\/wp-json\/wp\/v2\/product_tag?post=92510"}],"curies":[{"name":"wp","href":"https:\/\/api.w.org\/{rel}","templated":true}]}}