{"id":92508,"date":"2017-07-02T02:06:57","date_gmt":"2017-07-02T02:06:57","guid":{"rendered":"http:\/\/www.ceramictiles.com\/srbija\/product\/porcelanske-plocice-60x60-habitat-gris\/"},"modified":"2026-01-02T00:03:51","modified_gmt":"2026-01-02T00:03:51","slug":"porcelanske-plocice-60x60-habitat-gris","status":"publish","type":"product","link":"https:\/\/www.keramika.com\/srbija\/porcelanske-plocice-60x60-habitat-gris\/","title":{"rendered":"Porcelanske plo\u010dice 60&#215;60 Habitat Gris"},"content":{"rendered":"<p>Plo\u010dica je debela 9 mm, \u0161to je ubraja u tvrde plo\u010dice. Ta kolekcija, model plo\u010dice, se prodaje najvi\u0161e sive boje. Umesto 4586,2 RSD \u0161to je redovna maloprodajna cena keramike, u na\u0161oj online prodavnici, je mo\u017eete dobiti za samo 3668,5 RSD. Plo\u010dice dolaze iz \u0160panije, koja je poznata po kvalitetnoj keramiki. Veli\u010dina ove plo\u010dice je 30&#215;60 cm.<\/p>\n<p>Kliknite na ime serije za sve plo\u010dice u toj seriji: <a class=\"pdfcatal\" href=\"\/\/www.ceramictiles.com\/pdf\/halcon\/catalogue_halcon_habitat.pdf\" onclick=\"recordOutboundLink(this, 'E-mail', 'Description PDF');return false;\">Halcon Ceramicas Habitat<\/a><\/p>\n<p>Da bi naru\u010dili model iz PDF kataloga ove serije, molimo vas, da nas kontaktirate na: <a href=\"mailto:zo_mi@ceramictiles.com\" onclick=\"recordOutboundLink(this, 'E-mail', 'Description mail');return false;\">zo_mi@ceramictiles.com<\/a> ili nas pozovite na: For exact offer, PLS send us quantity and product you need with delivery address..<\/p>\n<p>Clase UNE-ENV  12633:2003 &#8211;  1<br \/>HABITAT Gris [B110] 30X60 cm <br \/>HABITAT LP Gris [B126] 30X60 cm<br \/>HABITAT Gris [B110] 60X60 cm<br \/>HABITAT LP Gris [B135] 60X60 cm<br \/>HABITAT Gris [B129] 80X80 cm<br \/>HABITAT Marengo [B110] 30X60 cm<br \/>HABITAT LP Marengo [B126] 30X60 cm<br \/>HABITAT Marengo [B110] 60X60 cm<br \/>HABITAT LP Marengo [B135] 60X60 cm<br \/>HABITAT Marengo [B129] 80X80 cm<br \/>HABITAT Gris [B65] 44X44 cm<br \/>HABITAT Marengo [B65] 44X44 cm<br \/>HABITAT Crema [B65] 44X44 cm<br \/><a class=\"\"pdfcatal\" href=\"\/\/www.ceramictiles.com\/pdf\/e-ceramica\/porcelain_ceramic_tiles_catalogue.pdf\"onclick=\"recordOutboundLink(this, 'E-mail', 'Description PDF');return false;\"> Porcelanske plo\u010dice katalog <\/a><\/p>\n","protected":false},"excerpt":{"rendered":"<p>Plo\u010dica je debela 9 mm, \u0161to je ubraja u tvrde plo\u010dice. Ta kolekcija, model plo\u010dice, se prodaje najvi\u0161e sive boje. Umesto 4586,2 RSD \u0161to je redovna maloprodajna cena keramike, u na\u0161oj online prodavnici, je mo\u017eete dobiti za samo 3668,5 RSD. Plo\u010dice dolaze iz \u0160panije, koja je poznata po kvalitetnoj keramiki. Veli\u010dina ove plo\u010dice je 30&#215;60 [&hellip;]<\/p>\n","protected":false},"featured_media":92509,"template":"","meta":[],"product_cat":[99946,200,999,290,270],"product_tag":[],"_links":{"self":[{"href":"https:\/\/www.keramika.com\/srbija\/wp-json\/wp\/v2\/product\/92508"}],"collection":[{"href":"https:\/\/www.keramika.com\/srbija\/wp-json\/wp\/v2\/product"}],"about":[{"href":"https:\/\/www.keramika.com\/srbija\/wp-json\/wp\/v2\/types\/product"}],"wp:featuredmedia":[{"embeddable":true,"href":"https:\/\/www.keramika.com\/srbija\/wp-json\/wp\/v2\/media\/92509"}],"wp:attachment":[{"href":"https:\/\/www.keramika.com\/srbija\/wp-json\/wp\/v2\/media?parent=92508"}],"wp:term":[{"taxonomy":"product_cat","embeddable":true,"href":"https:\/\/www.keramika.com\/srbija\/wp-json\/wp\/v2\/product_cat?post=92508"},{"taxonomy":"product_tag","embeddable":true,"href":"https:\/\/www.keramika.com\/srbija\/wp-json\/wp\/v2\/product_tag?post=92508"}],"curies":[{"name":"wp","href":"https:\/\/api.w.org\/{rel}","templated":true}]}}