{"id":92496,"date":"2017-07-02T02:05:10","date_gmt":"2017-07-02T02:05:10","guid":{"rendered":"http:\/\/www.ceramictiles.com\/srbija\/product\/halcon-concept-ceniza\/"},"modified":"2026-01-02T00:03:50","modified_gmt":"2026-01-02T00:03:50","slug":"halcon-concept-ceniza","status":"publish","type":"product","link":"https:\/\/www.keramika.com\/srbija\/halcon-concept-ceniza\/","title":{"rendered":"Halcon Concept Ceniza"},"content":{"rendered":"<p>9 mm debljine je dovoljno za zahtevnije kupce. Keramika je prekrasne sive boje. U koliko \u017eelite neku drugu boju, pozovite nas i mi \u0107emo proveriti kod proizvo\u0111a\u010da. U maloprodaji bi morali za tu plo\u010dicu platiti 2270,1 RSD, online cena je samo 1815,85 RSD. Halcon Concept Ceniza je proizvod iz \u0160panije te je izuzetno kvalitetna. Veli\u010dina plo\u010dice je 33,3&#215;33,3 cm i odli\u010dna je za razli\u010dite povr\u0161ine.<\/p>\n<p>Kliknite na ime serije za sve plo\u010dice u toj seriji: <a class=\"pdfcatal\" href=\"\/\/www.ceramictiles.com\/pdf\/halcon\/catalogue_halcon_concept.pdf\" onclick=\"recordOutboundLink(this, 'E-mail', 'Description PDF');return false;\">Halcon Ceramicas Concept<\/a><\/p>\n<p>Da bi naru\u010dili model iz PDF kataloga ove serije, molimo vas, da nas kontaktirate na: <a href=\"mailto:zo_mi@ceramictiles.com\" onclick=\"recordOutboundLink(this, 'E-mail', 'Description mail');return false;\">zo_mi@ceramictiles.com<\/a> ili nas pozovite na: For exact offer, PLS send us quantity and product you need with delivery address..<\/p>\n","protected":false},"excerpt":{"rendered":"<p>9 mm debljine je dovoljno za zahtevnije kupce. Keramika je prekrasne sive boje. U koliko \u017eelite neku drugu boju, pozovite nas i mi \u0107emo proveriti kod proizvo\u0111a\u010da. U maloprodaji bi morali za tu plo\u010dicu platiti 2270,1 RSD, online cena je samo 1815,85 RSD. Halcon Concept Ceniza je proizvod iz \u0160panije te je izuzetno kvalitetna. Veli\u010dina [&hellip;]<\/p>\n","protected":false},"featured_media":92497,"template":"","meta":[],"product_cat":[99946,200,260,999,270],"product_tag":[99950100],"_links":{"self":[{"href":"https:\/\/www.keramika.com\/srbija\/wp-json\/wp\/v2\/product\/92496"}],"collection":[{"href":"https:\/\/www.keramika.com\/srbija\/wp-json\/wp\/v2\/product"}],"about":[{"href":"https:\/\/www.keramika.com\/srbija\/wp-json\/wp\/v2\/types\/product"}],"wp:featuredmedia":[{"embeddable":true,"href":"https:\/\/www.keramika.com\/srbija\/wp-json\/wp\/v2\/media\/92497"}],"wp:attachment":[{"href":"https:\/\/www.keramika.com\/srbija\/wp-json\/wp\/v2\/media?parent=92496"}],"wp:term":[{"taxonomy":"product_cat","embeddable":true,"href":"https:\/\/www.keramika.com\/srbija\/wp-json\/wp\/v2\/product_cat?post=92496"},{"taxonomy":"product_tag","embeddable":true,"href":"https:\/\/www.keramika.com\/srbija\/wp-json\/wp\/v2\/product_tag?post=92496"}],"curies":[{"name":"wp","href":"https:\/\/api.w.org\/{rel}","templated":true}]}}