{"id":92484,"date":"2017-07-02T02:03:15","date_gmt":"2017-07-02T02:03:15","guid":{"rendered":"http:\/\/www.ceramictiles.com\/srbija\/product\/plocice-imitacija-kamena-almeria\/"},"modified":"2026-01-02T00:03:49","modified_gmt":"2026-01-02T00:03:49","slug":"plocice-imitacija-kamena-almeria","status":"publish","type":"product","link":"https:\/\/www.keramika.com\/srbija\/plocice-imitacija-kamena-almeria\/","title":{"rendered":"Plo\u010dice imitacija kamena Almeria"},"content":{"rendered":"<p>Veli\u010dina 20&#215;50 cm je odli\u010dna za sve podloge. Debljina 9 mm \u010dini plo\u010dicu vrlo izdr\u017eljivom i prijatnom na dodir. Plo\u010dice be\u017e boje, su letos izuzetno tre\u017eene. Halcon Almeria Beige Mate dolazi iz \u0160panije, koja je poznata po vrlo visokoj kvaliteta keramike u svetu. Umesto 1877,95 RSD \u0161to je redovna maloprodajna cena keramike, u na\u0161oj online prodavnici, je mo\u017eete dobiti za samo 1501,9 RSD.<\/p>\n<p>Kliknite na ime serije za sve plo\u010dice u toj seriji: <a class=\"pdfcatal\" href=\"\/\/www.ceramictiles.com\/pdf\/halcon\/catalogue_halcon_almeria.pdf\" onclick=\"recordOutboundLink(this, 'E-mail', 'Description PDF');return false;\">Halcon Ceramicas Almeria<\/a><\/p>\n<p>Da bi naru\u010dili model iz PDF kataloga ove serije, molimo vas, da nas kontaktirate na: <a href=\"mailto:zo_mi@ceramictiles.com\" onclick=\"recordOutboundLink(this, 'E-mail', 'Description mail');return false;\">zo_mi@ceramictiles.com<\/a> ili nas pozovite na: For exact offer, PLS send us quantity and product you need with delivery address..<\/p>\n","protected":false},"excerpt":{"rendered":"<p>Veli\u010dina 20&#215;50 cm je odli\u010dna za sve podloge. Debljina 9 mm \u010dini plo\u010dicu vrlo izdr\u017eljivom i prijatnom na dodir. Plo\u010dice be\u017e boje, su letos izuzetno tre\u017eene. Halcon Almeria Beige Mate dolazi iz \u0160panije, koja je poznata po vrlo visokoj kvaliteta keramike u svetu. Umesto 1877,95 RSD \u0161to je redovna maloprodajna cena keramike, u na\u0161oj online [&hellip;]<\/p>\n","protected":false},"featured_media":92485,"template":"","meta":[],"product_cat":[99946,200,230,999,250],"product_tag":[99950096],"_links":{"self":[{"href":"https:\/\/www.keramika.com\/srbija\/wp-json\/wp\/v2\/product\/92484"}],"collection":[{"href":"https:\/\/www.keramika.com\/srbija\/wp-json\/wp\/v2\/product"}],"about":[{"href":"https:\/\/www.keramika.com\/srbija\/wp-json\/wp\/v2\/types\/product"}],"wp:featuredmedia":[{"embeddable":true,"href":"https:\/\/www.keramika.com\/srbija\/wp-json\/wp\/v2\/media\/92485"}],"wp:attachment":[{"href":"https:\/\/www.keramika.com\/srbija\/wp-json\/wp\/v2\/media?parent=92484"}],"wp:term":[{"taxonomy":"product_cat","embeddable":true,"href":"https:\/\/www.keramika.com\/srbija\/wp-json\/wp\/v2\/product_cat?post=92484"},{"taxonomy":"product_tag","embeddable":true,"href":"https:\/\/www.keramika.com\/srbija\/wp-json\/wp\/v2\/product_tag?post=92484"}],"curies":[{"name":"wp","href":"https:\/\/api.w.org\/{rel}","templated":true}]}}