{"id":92470,"date":"2017-07-02T02:00:58","date_gmt":"2017-07-02T02:00:58","guid":{"rendered":"http:\/\/www.ceramictiles.com\/srbija\/product\/vives-wood-line-olivo-mediterraneo\/"},"modified":"2026-01-02T00:03:47","modified_gmt":"2026-01-02T00:03:47","slug":"vives-wood-line-olivo-mediterraneo","status":"publish","type":"product","link":"https:\/\/www.keramika.com\/srbija\/vives-wood-line-olivo-mediterraneo\/","title":{"rendered":"Vives Wood Line Olivo Mediterraneo"},"content":{"rendered":"<p>Plo\u010dica 21,8&#215;89,3 cm je dobra za ve\u0107 razli\u010ditih namena. Ova plo\u010dica je debela 12 mm i zato je izuzetno izdr\u017eljiva. Keramika je prekrasne zelene boje. U koliko \u017eelite neku drugu boju, pozovite nas i mi \u0107emo proveriti kod proizvo\u0111a\u010da. Vives Wood Line Olivo Mediterraneo dolazi iz \u0160panije, koja je poznata po vrlo visokoj kvaliteta keramike u svetu. U maloprodaji bi morali za tu plo\u010dicu platiti 11122,8 RSD, online cena je samo 8898,7 RSD.<\/p>\n<p>Kliknite na ime serije za sve plo\u010dice u toj seriji: <a class=\"pdfcatal\" href=\"\/\/www.ceramictiles.com\/pdf\/vives\/catalogue_vives_wood_line.pdf\" onclick=\"recordOutboundLink(this, 'E-mail', 'Description PDF');return false;\">Ceramica Vives Wood Line<\/a><\/p>\n<p>Da bi naru\u010dili model iz PDF kataloga ove serije, molimo vas, da nas kontaktirate na: <a href=\"mailto:zo_mi@ceramictiles.com\" onclick=\"recordOutboundLink(this, 'E-mail', 'Description mail');return false;\">zo_mi@ceramictiles.com<\/a> ili nas pozovite na: For exact offer, PLS send us quantity and product you need with delivery address..<\/p>\n","protected":false},"excerpt":{"rendered":"<p>Plo\u010dica 21,8&#215;89,3 cm je dobra za ve\u0107 razli\u010ditih namena. Ova plo\u010dica je debela 12 mm i zato je izuzetno izdr\u017eljiva. Keramika je prekrasne zelene boje. U koliko \u017eelite neku drugu boju, pozovite nas i mi \u0107emo proveriti kod proizvo\u0111a\u010da. Vives Wood Line Olivo Mediterraneo dolazi iz \u0160panije, koja je poznata po vrlo visokoj kvaliteta keramike [&hellip;]<\/p>\n","protected":false},"featured_media":92471,"template":"","meta":[],"product_cat":[200,240,260,999,999136],"product_tag":[],"_links":{"self":[{"href":"https:\/\/www.keramika.com\/srbija\/wp-json\/wp\/v2\/product\/92470"}],"collection":[{"href":"https:\/\/www.keramika.com\/srbija\/wp-json\/wp\/v2\/product"}],"about":[{"href":"https:\/\/www.keramika.com\/srbija\/wp-json\/wp\/v2\/types\/product"}],"wp:featuredmedia":[{"embeddable":true,"href":"https:\/\/www.keramika.com\/srbija\/wp-json\/wp\/v2\/media\/92471"}],"wp:attachment":[{"href":"https:\/\/www.keramika.com\/srbija\/wp-json\/wp\/v2\/media?parent=92470"}],"wp:term":[{"taxonomy":"product_cat","embeddable":true,"href":"https:\/\/www.keramika.com\/srbija\/wp-json\/wp\/v2\/product_cat?post=92470"},{"taxonomy":"product_tag","embeddable":true,"href":"https:\/\/www.keramika.com\/srbija\/wp-json\/wp\/v2\/product_tag?post=92470"}],"curies":[{"name":"wp","href":"https:\/\/api.w.org\/{rel}","templated":true}]}}