{"id":92468,"date":"2017-07-02T02:00:38","date_gmt":"2017-07-02T02:00:38","guid":{"rendered":"http:\/\/www.ceramictiles.com\/srbija\/product\/vives-wasel-cemento\/"},"modified":"2026-01-02T00:03:47","modified_gmt":"2026-01-02T00:03:47","slug":"vives-wasel-cemento","status":"publish","type":"product","link":"https:\/\/www.keramika.com\/srbija\/vives-wasel-cemento\/","title":{"rendered":"Vives Wasel Cemento"},"content":{"rendered":"<p>plo\u010dica proizvo\u0111a\u010da Ceramica Vives iz \u0160panije. Plo\u010dica na sliki je 20&#215;50 cm. U maloprodaji bi morali za tu plo\u010dicu platiti 3666,2 RSD, online cena je samo 2932,5 RSD. 11 mm debljina \u0107e zadovoljiti i najzahtevnije kupce. Plo\u010dice sive boje osvje\u017eit \u0107e svaki prostor.<\/p>\n<p>Kliknite na ime serije za sve plo\u010dice u toj seriji: <a class=\"pdfcatal\" href=\"\/\/www.ceramictiles.com\/pdf\/vives\/catalogue_vives_wasel.pdf\" onclick=\"recordOutboundLink(this, 'E-mail', 'Description PDF');return false;\">Ceramica Vives Wasel<\/a><\/p>\n<p>Da bi naru\u010dili model iz PDF kataloga ove serije, molimo vas, da nas kontaktirate na: <a href=\"mailto:zo_mi@ceramictiles.com\" onclick=\"recordOutboundLink(this, 'E-mail', 'Description mail');return false;\">zo_mi@ceramictiles.com<\/a> ili nas pozovite na: For exact offer, PLS send us quantity and product you need with delivery address..<\/p>\n","protected":false},"excerpt":{"rendered":"<p>plo\u010dica proizvo\u0111a\u010da Ceramica Vives iz \u0160panije. Plo\u010dica na sliki je 20&#215;50 cm. U maloprodaji bi morali za tu plo\u010dicu platiti 3666,2 RSD, online cena je samo 2932,5 RSD. 11 mm debljina \u0107e zadovoljiti i najzahtevnije kupce. Plo\u010dice sive boje osvje\u017eit \u0107e svaki prostor. Kliknite na ime serije za sve plo\u010dice u toj seriji: Ceramica Vives [&hellip;]<\/p>\n","protected":false},"featured_media":92469,"template":"","meta":[],"product_cat":[200,220,240,999,999136],"product_tag":[],"_links":{"self":[{"href":"https:\/\/www.keramika.com\/srbija\/wp-json\/wp\/v2\/product\/92468"}],"collection":[{"href":"https:\/\/www.keramika.com\/srbija\/wp-json\/wp\/v2\/product"}],"about":[{"href":"https:\/\/www.keramika.com\/srbija\/wp-json\/wp\/v2\/types\/product"}],"wp:featuredmedia":[{"embeddable":true,"href":"https:\/\/www.keramika.com\/srbija\/wp-json\/wp\/v2\/media\/92469"}],"wp:attachment":[{"href":"https:\/\/www.keramika.com\/srbija\/wp-json\/wp\/v2\/media?parent=92468"}],"wp:term":[{"taxonomy":"product_cat","embeddable":true,"href":"https:\/\/www.keramika.com\/srbija\/wp-json\/wp\/v2\/product_cat?post=92468"},{"taxonomy":"product_tag","embeddable":true,"href":"https:\/\/www.keramika.com\/srbija\/wp-json\/wp\/v2\/product_tag?post=92468"}],"curies":[{"name":"wp","href":"https:\/\/api.w.org\/{rel}","templated":true}]}}