{"id":92464,"date":"2017-07-02T01:59:54","date_gmt":"2017-07-02T01:59:54","guid":{"rendered":"http:\/\/www.ceramictiles.com\/srbija\/product\/vives-vitrea-ambar\/"},"modified":"2026-01-02T00:03:47","modified_gmt":"2026-01-02T00:03:47","slug":"vives-vitrea-ambar","status":"publish","type":"product","link":"https:\/\/www.keramika.com\/srbija\/vives-vitrea-ambar\/","title":{"rendered":"Vives Vitrea Ambar"},"content":{"rendered":"<p>Ove braon kerami\u010dke plo\u010dice, obogatit \u0107e svaki prostor. 9 mm debljine je dovoljno za zahtevnije kupce. Vives Vitrea Ambar je dostupna po vrlo povoljnim cenama 2846,25 RSD. Veli\u010dina 23&#215;33,5 cm je odli\u010dna za sve podloge. Vives Vitrea Ambar je proizvod iz \u0160panije te je izuzetno kvalitetna.<\/p>\n<p>Kliknite na ime serije za sve plo\u010dice u toj seriji: <a class=\"pdfcatal\" href=\"\/\/www.ceramictiles.com\/pdf\/vives\/catalogue_vives_vitrea.pdf\" onclick=\"recordOutboundLink(this, 'E-mail', 'Description PDF');return false;\">Ceramica Vives Vitrea<\/a><\/p>\n<p>Da bi naru\u010dili model iz PDF kataloga ove serije, molimo vas, da nas kontaktirate na: <a href=\"mailto:zo_mi@ceramictiles.com\" onclick=\"recordOutboundLink(this, 'E-mail', 'Description mail');return false;\">zo_mi@ceramictiles.com<\/a> ili nas pozovite na: For exact offer, PLS send us quantity and product you need with delivery address..<\/p>\n","protected":false},"excerpt":{"rendered":"<p>Ove braon kerami\u010dke plo\u010dice, obogatit \u0107e svaki prostor. 9 mm debljine je dovoljno za zahtevnije kupce. Vives Vitrea Ambar je dostupna po vrlo povoljnim cenama 2846,25 RSD. Veli\u010dina 23&#215;33,5 cm je odli\u010dna za sve podloge. Vives Vitrea Ambar je proizvod iz \u0160panije te je izuzetno kvalitetna. Kliknite na ime serije za sve plo\u010dice u toj [&hellip;]<\/p>\n","protected":false},"featured_media":92465,"template":"","meta":[],"product_cat":[200,230,999,999136,250],"product_tag":[],"_links":{"self":[{"href":"https:\/\/www.keramika.com\/srbija\/wp-json\/wp\/v2\/product\/92464"}],"collection":[{"href":"https:\/\/www.keramika.com\/srbija\/wp-json\/wp\/v2\/product"}],"about":[{"href":"https:\/\/www.keramika.com\/srbija\/wp-json\/wp\/v2\/types\/product"}],"wp:featuredmedia":[{"embeddable":true,"href":"https:\/\/www.keramika.com\/srbija\/wp-json\/wp\/v2\/media\/92465"}],"wp:attachment":[{"href":"https:\/\/www.keramika.com\/srbija\/wp-json\/wp\/v2\/media?parent=92464"}],"wp:term":[{"taxonomy":"product_cat","embeddable":true,"href":"https:\/\/www.keramika.com\/srbija\/wp-json\/wp\/v2\/product_cat?post=92464"},{"taxonomy":"product_tag","embeddable":true,"href":"https:\/\/www.keramika.com\/srbija\/wp-json\/wp\/v2\/product_tag?post=92464"}],"curies":[{"name":"wp","href":"https:\/\/api.w.org\/{rel}","templated":true}]}}