{"id":92456,"date":"2017-07-02T01:58:38","date_gmt":"2017-07-02T01:58:38","guid":{"rendered":"http:\/\/www.ceramictiles.com\/srbija\/product\/vives-vergel-petalo-oro\/"},"modified":"2026-01-02T00:03:46","modified_gmt":"2026-01-02T00:03:46","slug":"vives-vergel-petalo-oro","status":"publish","type":"product","link":"https:\/\/www.keramika.com\/srbija\/vives-vergel-petalo-oro\/","title":{"rendered":"Vives Vergel Petalo Oro"},"content":{"rendered":"<p>Plo\u010dice zlate boje, su letos izuzetno tre\u017eene. Proizvodnja \u0160panije ,koja je poznata u svetu, kao jedana od najboljih proizvo\u0111a\u010da kerami\u010dkih plo\u010dica. 9 mm debljine je dovoljno za zahtevnije kupce. Plo\u010dica 20&#215;40 cm je dobra za ve\u0107 razli\u010ditih namena. Online cena je samo 11241,25 RSD, dok redovna, maloprodajna cena 14051,85 RSD.<\/p>\n<p>Kliknite na ime serije za sve plo\u010dice u toj seriji: <a class=\"pdfcatal\" href=\"\/\/www.ceramictiles.com\/pdf\/vives\/catalogue_vives_vergel.pdf\" onclick=\"recordOutboundLink(this, 'E-mail', 'Description PDF');return false;\">Ceramica Vives Vergel<\/a><\/p>\n<p>Da bi naru\u010dili model iz PDF kataloga ove serije, molimo vas, da nas kontaktirate na: <a href=\"mailto:zo_mi@ceramictiles.com\" onclick=\"recordOutboundLink(this, 'E-mail', 'Description mail');return false;\">zo_mi@ceramictiles.com<\/a> ili nas pozovite na: For exact offer, PLS send us quantity and product you need with delivery address..<\/p>\n","protected":false},"excerpt":{"rendered":"<p>Plo\u010dice zlate boje, su letos izuzetno tre\u017eene. Proizvodnja \u0160panije ,koja je poznata u svetu, kao jedana od najboljih proizvo\u0111a\u010da kerami\u010dkih plo\u010dica. 9 mm debljine je dovoljno za zahtevnije kupce. Plo\u010dica 20&#215;40 cm je dobra za ve\u0107 razli\u010ditih namena. Online cena je samo 11241,25 RSD, dok redovna, maloprodajna cena 14051,85 RSD. Kliknite na ime serije za [&hellip;]<\/p>\n","protected":false},"featured_media":92457,"template":"","meta":[],"product_cat":[200,220,999,999136,250],"product_tag":[],"_links":{"self":[{"href":"https:\/\/www.keramika.com\/srbija\/wp-json\/wp\/v2\/product\/92456"}],"collection":[{"href":"https:\/\/www.keramika.com\/srbija\/wp-json\/wp\/v2\/product"}],"about":[{"href":"https:\/\/www.keramika.com\/srbija\/wp-json\/wp\/v2\/types\/product"}],"wp:featuredmedia":[{"embeddable":true,"href":"https:\/\/www.keramika.com\/srbija\/wp-json\/wp\/v2\/media\/92457"}],"wp:attachment":[{"href":"https:\/\/www.keramika.com\/srbija\/wp-json\/wp\/v2\/media?parent=92456"}],"wp:term":[{"taxonomy":"product_cat","embeddable":true,"href":"https:\/\/www.keramika.com\/srbija\/wp-json\/wp\/v2\/product_cat?post=92456"},{"taxonomy":"product_tag","embeddable":true,"href":"https:\/\/www.keramika.com\/srbija\/wp-json\/wp\/v2\/product_tag?post=92456"}],"curies":[{"name":"wp","href":"https:\/\/api.w.org\/{rel}","templated":true}]}}