{"id":92440,"date":"2017-07-02T01:56:00","date_gmt":"2017-07-02T01:56:00","guid":{"rendered":"http:\/\/www.ceramictiles.com\/srbija\/product\/vives-tasos-sindou-beige\/"},"modified":"2026-01-02T00:03:45","modified_gmt":"2026-01-02T00:03:45","slug":"vives-tasos-sindou-beige","status":"publish","type":"product","link":"https:\/\/www.keramika.com\/srbija\/vives-tasos-sindou-beige\/","title":{"rendered":"Vives Tasos Sindou Beige"},"content":{"rendered":"<p>11 mm debljine je dovoljno za zahtevnije kupce. Veli\u010dina 20&#215;50 cm je odli\u010dna za sve podloge. Ove be\u017e kerami\u010dke plo\u010dice, obogatit \u0107e svaki prostor. 4241,2 RSD je redovna prodajna cena keramike, tu pa samo 3392,5 RSD. Plo\u010dice dolaze iz \u0160panije, koja je poznata po kvalitetnoj keramiki.<\/p>\n<p>Kliknite na ime serije za sve plo\u010dice u toj seriji: <a class=\"pdfcatal\" href=\"\/\/www.ceramictiles.com\/pdf\/vives\/catalogue_vives_tasos.pdf\" onclick=\"recordOutboundLink(this, 'E-mail', 'Description PDF');return false;\">Ceramica Vives Tasos<\/a><\/p>\n<p>Da bi naru\u010dili model iz PDF kataloga ove serije, molimo vas, da nas kontaktirate na: <a href=\"mailto:zo_mi@ceramictiles.com\" onclick=\"recordOutboundLink(this, 'E-mail', 'Description mail');return false;\">zo_mi@ceramictiles.com<\/a> ili nas pozovite na: For exact offer, PLS send us quantity and product you need with delivery address..<\/p>\n","protected":false},"excerpt":{"rendered":"<p>11 mm debljine je dovoljno za zahtevnije kupce. Veli\u010dina 20&#215;50 cm je odli\u010dna za sve podloge. Ove be\u017e kerami\u010dke plo\u010dice, obogatit \u0107e svaki prostor. 4241,2 RSD je redovna prodajna cena keramike, tu pa samo 3392,5 RSD. Plo\u010dice dolaze iz \u0160panije, koja je poznata po kvalitetnoj keramiki. Kliknite na ime serije za sve plo\u010dice u toj [&hellip;]<\/p>\n","protected":false},"featured_media":92441,"template":"","meta":[],"product_cat":[200,220,999,999136,250],"product_tag":[],"_links":{"self":[{"href":"https:\/\/www.keramika.com\/srbija\/wp-json\/wp\/v2\/product\/92440"}],"collection":[{"href":"https:\/\/www.keramika.com\/srbija\/wp-json\/wp\/v2\/product"}],"about":[{"href":"https:\/\/www.keramika.com\/srbija\/wp-json\/wp\/v2\/types\/product"}],"wp:featuredmedia":[{"embeddable":true,"href":"https:\/\/www.keramika.com\/srbija\/wp-json\/wp\/v2\/media\/92441"}],"wp:attachment":[{"href":"https:\/\/www.keramika.com\/srbija\/wp-json\/wp\/v2\/media?parent=92440"}],"wp:term":[{"taxonomy":"product_cat","embeddable":true,"href":"https:\/\/www.keramika.com\/srbija\/wp-json\/wp\/v2\/product_cat?post=92440"},{"taxonomy":"product_tag","embeddable":true,"href":"https:\/\/www.keramika.com\/srbija\/wp-json\/wp\/v2\/product_tag?post=92440"}],"curies":[{"name":"wp","href":"https:\/\/api.w.org\/{rel}","templated":true}]}}