{"id":92430,"date":"2017-07-02T01:54:17","date_gmt":"2017-07-02T01:54:17","guid":{"rendered":"http:\/\/www.ceramictiles.com\/srbija\/product\/vives-skandia-feroe-beige\/"},"modified":"2026-01-02T00:03:44","modified_gmt":"2026-01-02T00:03:44","slug":"vives-skandia-feroe-beige","status":"publish","type":"product","link":"https:\/\/www.keramika.com\/srbija\/vives-skandia-feroe-beige\/","title":{"rendered":"Vives Skandia Feroe Beige"},"content":{"rendered":"<p>Umesto 8841,2 RSD \u0161to je redovna maloprodajna cena keramike, u na\u0161oj online prodavnici, je mo\u017eete dobiti za samo 7072,5 RSD. Vives Skandia Feroe Beige je proizvod iz \u0160panije te je izuzetno kvalitetna. Plo\u010dice be\u017e boje, su letos izuzetno tre\u017eene. Ova plo\u010dica je debela 11 mm i zato je izuzetno izdr\u017eljiva. Plo\u010dica 60&#215;60 cm je dobra za ve\u0107 razli\u010ditih namena.<\/p>\n<p>Kliknite na ime serije za sve plo\u010dice u toj seriji: <a class=\"pdfcatal\" href=\"\/\/www.ceramictiles.com\/pdf\/vives\/catalogue_vives_skandia.pdf\" onclick=\"recordOutboundLink(this, 'E-mail', 'Description PDF');return false;\">Ceramica Vives Skandia<\/a><\/p>\n<p>Da bi naru\u010dili model iz PDF kataloga ove serije, molimo vas, da nas kontaktirate na: <a href=\"mailto:zo_mi@ceramictiles.com\" onclick=\"recordOutboundLink(this, 'E-mail', 'Description mail');return false;\">zo_mi@ceramictiles.com<\/a> ili nas pozovite na: For exact offer, PLS send us quantity and product you need with delivery address..<\/p>\n","protected":false},"excerpt":{"rendered":"<p>Umesto 8841,2 RSD \u0161to je redovna maloprodajna cena keramike, u na\u0161oj online prodavnici, je mo\u017eete dobiti za samo 7072,5 RSD. Vives Skandia Feroe Beige je proizvod iz \u0160panije te je izuzetno kvalitetna. Plo\u010dice be\u017e boje, su letos izuzetno tre\u017eene. Ova plo\u010dica je debela 11 mm i zato je izuzetno izdr\u017eljiva. Plo\u010dica 60&#215;60 cm je dobra [&hellip;]<\/p>\n","protected":false},"featured_media":92431,"template":"","meta":[],"product_cat":[200,999,290,270,999136],"product_tag":[],"_links":{"self":[{"href":"https:\/\/www.keramika.com\/srbija\/wp-json\/wp\/v2\/product\/92430"}],"collection":[{"href":"https:\/\/www.keramika.com\/srbija\/wp-json\/wp\/v2\/product"}],"about":[{"href":"https:\/\/www.keramika.com\/srbija\/wp-json\/wp\/v2\/types\/product"}],"wp:featuredmedia":[{"embeddable":true,"href":"https:\/\/www.keramika.com\/srbija\/wp-json\/wp\/v2\/media\/92431"}],"wp:attachment":[{"href":"https:\/\/www.keramika.com\/srbija\/wp-json\/wp\/v2\/media?parent=92430"}],"wp:term":[{"taxonomy":"product_cat","embeddable":true,"href":"https:\/\/www.keramika.com\/srbija\/wp-json\/wp\/v2\/product_cat?post=92430"},{"taxonomy":"product_tag","embeddable":true,"href":"https:\/\/www.keramika.com\/srbija\/wp-json\/wp\/v2\/product_tag?post=92430"}],"curies":[{"name":"wp","href":"https:\/\/api.w.org\/{rel}","templated":true}]}}