{"id":92420,"date":"2017-07-02T01:52:32","date_gmt":"2017-07-02T01:52:32","guid":{"rendered":"http:\/\/www.ceramictiles.com\/srbija\/product\/vives-rustica-arce\/"},"modified":"2026-01-02T00:03:42","modified_gmt":"2026-01-02T00:03:42","slug":"vives-rustica-arce","status":"publish","type":"product","link":"https:\/\/www.keramika.com\/srbija\/vives-rustica-arce\/","title":{"rendered":"Vives Rustica Arce"},"content":{"rendered":"<p>Dimenzije ovih plo\u010dica su 20&#215;20 cm. Keramika je prekrasne braon boje. U koliko \u017eelite neku drugu boju, pozovite nas i mi \u0107emo proveriti kod proizvo\u0111a\u010da. Vives Rustica Arce je proizvod iz \u0160panije te je izuzetno kvalitetna. Online cena je samo 2443,75 RSD, dok redovna, maloprodajna cena 3054,4 RSD. Debljina 8 mm \u010dini plo\u010dicu vrlo izdr\u017eljivom i prijatnom na dodir.<\/p>\n<p>Kliknite na ime serije za sve plo\u010dice u toj seriji: <a class=\"pdfcatal\" href=\"\/\/www.ceramictiles.com\/pdf\/vives\/catalogue_vives_rustica.pdf\" onclick=\"recordOutboundLink(this, 'E-mail', 'Description PDF');return false;\">Ceramica Vives Rustica<\/a><\/p>\n<p>Da bi naru\u010dili model iz PDF kataloga ove serije, molimo vas, da nas kontaktirate na: <a href=\"mailto:zo_mi@ceramictiles.com\" onclick=\"recordOutboundLink(this, 'E-mail', 'Description mail');return false;\">zo_mi@ceramictiles.com<\/a> ili nas pozovite na: For exact offer, PLS send us quantity and product you need with delivery address..<\/p>\n","protected":false},"excerpt":{"rendered":"<p>Dimenzije ovih plo\u010dica su 20&#215;20 cm. Keramika je prekrasne braon boje. U koliko \u017eelite neku drugu boju, pozovite nas i mi \u0107emo proveriti kod proizvo\u0111a\u010da. Vives Rustica Arce je proizvod iz \u0160panije te je izuzetno kvalitetna. Online cena je samo 2443,75 RSD, dok redovna, maloprodajna cena 3054,4 RSD. Debljina 8 mm \u010dini plo\u010dicu vrlo izdr\u017eljivom [&hellip;]<\/p>\n","protected":false},"featured_media":92421,"template":"","meta":[],"product_cat":[200,240,999,290,999136],"product_tag":[],"_links":{"self":[{"href":"https:\/\/www.keramika.com\/srbija\/wp-json\/wp\/v2\/product\/92420"}],"collection":[{"href":"https:\/\/www.keramika.com\/srbija\/wp-json\/wp\/v2\/product"}],"about":[{"href":"https:\/\/www.keramika.com\/srbija\/wp-json\/wp\/v2\/types\/product"}],"wp:featuredmedia":[{"embeddable":true,"href":"https:\/\/www.keramika.com\/srbija\/wp-json\/wp\/v2\/media\/92421"}],"wp:attachment":[{"href":"https:\/\/www.keramika.com\/srbija\/wp-json\/wp\/v2\/media?parent=92420"}],"wp:term":[{"taxonomy":"product_cat","embeddable":true,"href":"https:\/\/www.keramika.com\/srbija\/wp-json\/wp\/v2\/product_cat?post=92420"},{"taxonomy":"product_tag","embeddable":true,"href":"https:\/\/www.keramika.com\/srbija\/wp-json\/wp\/v2\/product_tag?post=92420"}],"curies":[{"name":"wp","href":"https:\/\/api.w.org\/{rel}","templated":true}]}}