{"id":92412,"date":"2017-07-02T01:51:06","date_gmt":"2017-07-02T01:51:06","guid":{"rendered":"http:\/\/www.ceramictiles.com\/srbija\/product\/vives-provenza-blanco\/"},"modified":"2026-01-02T00:03:41","modified_gmt":"2026-01-02T00:03:41","slug":"vives-provenza-blanco","status":"publish","type":"product","link":"https:\/\/www.keramika.com\/srbija\/vives-provenza-blanco\/","title":{"rendered":"Vives Provenza Blanco"},"content":{"rendered":"<p>Ova plo\u010dica je debela 13 mm i zato je izuzetno izdr\u017eljiva. Plo\u010dice bele boje osvje\u017eit \u0107e svaki prostor. Vives Provenza Blanco je dostupna po vrlo povoljnim cenama 2788,75 RSD. Veli\u010dina plo\u010dice je 25&#215;25 cm i odli\u010dna je za razli\u010dite povr\u0161ine. Plo\u010dice dolaze iz \u0160panije, koja je poznata po kvalitetnoj keramiki.<\/p>\n<p>Kliknite na ime serije za sve plo\u010dice u toj seriji: <a class=\"pdfcatal\" href=\"\/\/www.ceramictiles.com\/pdf\/vives\/catalogue_vives_provenza.pdf\" onclick=\"recordOutboundLink(this, 'E-mail', 'Description PDF');return false;\">Ceramica Vives Provenza<\/a><\/p>\n<p>Da bi naru\u010dili model iz PDF kataloga ove serije, molimo vas, da nas kontaktirate na: <a href=\"mailto:zo_mi@ceramictiles.com\" onclick=\"recordOutboundLink(this, 'E-mail', 'Description mail');return false;\">zo_mi@ceramictiles.com<\/a> ili nas pozovite na: For exact offer, PLS send us quantity and product you need with delivery address..<\/p>\n","protected":false},"excerpt":{"rendered":"<p>Ova plo\u010dica je debela 13 mm i zato je izuzetno izdr\u017eljiva. Plo\u010dice bele boje osvje\u017eit \u0107e svaki prostor. Vives Provenza Blanco je dostupna po vrlo povoljnim cenama 2788,75 RSD. Veli\u010dina plo\u010dice je 25&#215;25 cm i odli\u010dna je za razli\u010dite povr\u0161ine. Plo\u010dice dolaze iz \u0160panije, koja je poznata po kvalitetnoj keramiki. Kliknite na ime serije za [&hellip;]<\/p>\n","protected":false},"featured_media":92413,"template":"","meta":[],"product_cat":[200,230,240,999,999136],"product_tag":[],"_links":{"self":[{"href":"https:\/\/www.keramika.com\/srbija\/wp-json\/wp\/v2\/product\/92412"}],"collection":[{"href":"https:\/\/www.keramika.com\/srbija\/wp-json\/wp\/v2\/product"}],"about":[{"href":"https:\/\/www.keramika.com\/srbija\/wp-json\/wp\/v2\/types\/product"}],"wp:featuredmedia":[{"embeddable":true,"href":"https:\/\/www.keramika.com\/srbija\/wp-json\/wp\/v2\/media\/92413"}],"wp:attachment":[{"href":"https:\/\/www.keramika.com\/srbija\/wp-json\/wp\/v2\/media?parent=92412"}],"wp:term":[{"taxonomy":"product_cat","embeddable":true,"href":"https:\/\/www.keramika.com\/srbija\/wp-json\/wp\/v2\/product_cat?post=92412"},{"taxonomy":"product_tag","embeddable":true,"href":"https:\/\/www.keramika.com\/srbija\/wp-json\/wp\/v2\/product_tag?post=92412"}],"curies":[{"name":"wp","href":"https:\/\/api.w.org\/{rel}","templated":true}]}}