{"id":92410,"date":"2017-07-02T01:50:47","date_gmt":"2017-07-02T01:50:47","guid":{"rendered":"http:\/\/www.ceramictiles.com\/srbija\/product\/vives-potro-gris\/"},"modified":"2026-01-02T00:03:41","modified_gmt":"2026-01-02T00:03:41","slug":"vives-potro-gris","status":"publish","type":"product","link":"https:\/\/www.keramika.com\/srbija\/vives-potro-gris\/","title":{"rendered":"Vives Potro Gris"},"content":{"rendered":"<p>Debljina 11 mm \u010dini plo\u010dicu vrlo izdr\u017eljivom i prijatnom na dodir. Ove plo\u010dice dolaze od proizvo\u0111a\u010da Ceramica Vives, iz \u0160panije. Veli\u010dina ove plo\u010dice je 60&#215;60 cm. U maloprodaji bi morali za tu plo\u010dicu platiti 7978,7 RSD, online cena je samo 6382,5 RSD. Izuzetno moderne plo\u010dice sive boje, osve\u017eit \u0107e svaki prostor.<\/p>\n<p>Kliknite na ime serije za sve plo\u010dice u toj seriji: <a class=\"pdfcatal\" href=\"\/\/www.ceramictiles.com\/pdf\/vives\/catalogue_vives_potro.pdf\" onclick=\"recordOutboundLink(this, 'E-mail', 'Description PDF');return false;\">Ceramica Vives Potro<\/a><\/p>\n<p>Da bi naru\u010dili model iz PDF kataloga ove serije, molimo vas, da nas kontaktirate na: <a href=\"mailto:zo_mi@ceramictiles.com\" onclick=\"recordOutboundLink(this, 'E-mail', 'Description mail');return false;\">zo_mi@ceramictiles.com<\/a> ili nas pozovite na: For exact offer, PLS send us quantity and product you need with delivery address..<\/p>\n","protected":false},"excerpt":{"rendered":"<p>Debljina 11 mm \u010dini plo\u010dicu vrlo izdr\u017eljivom i prijatnom na dodir. Ove plo\u010dice dolaze od proizvo\u0111a\u010da Ceramica Vives, iz \u0160panije. Veli\u010dina ove plo\u010dice je 60&#215;60 cm. U maloprodaji bi morali za tu plo\u010dicu platiti 7978,7 RSD, online cena je samo 6382,5 RSD. Izuzetno moderne plo\u010dice sive boje, osve\u017eit \u0107e svaki prostor. Kliknite na ime serije [&hellip;]<\/p>\n","protected":false},"featured_media":92411,"template":"","meta":[],"product_cat":[200,240,999,290,999136],"product_tag":[],"_links":{"self":[{"href":"https:\/\/www.keramika.com\/srbija\/wp-json\/wp\/v2\/product\/92410"}],"collection":[{"href":"https:\/\/www.keramika.com\/srbija\/wp-json\/wp\/v2\/product"}],"about":[{"href":"https:\/\/www.keramika.com\/srbija\/wp-json\/wp\/v2\/types\/product"}],"wp:featuredmedia":[{"embeddable":true,"href":"https:\/\/www.keramika.com\/srbija\/wp-json\/wp\/v2\/media\/92411"}],"wp:attachment":[{"href":"https:\/\/www.keramika.com\/srbija\/wp-json\/wp\/v2\/media?parent=92410"}],"wp:term":[{"taxonomy":"product_cat","embeddable":true,"href":"https:\/\/www.keramika.com\/srbija\/wp-json\/wp\/v2\/product_cat?post=92410"},{"taxonomy":"product_tag","embeddable":true,"href":"https:\/\/www.keramika.com\/srbija\/wp-json\/wp\/v2\/product_tag?post=92410"}],"curies":[{"name":"wp","href":"https:\/\/api.w.org\/{rel}","templated":true}]}}