{"id":92398,"date":"2017-07-02T01:48:47","date_gmt":"2017-07-02T01:48:47","guid":{"rendered":"http:\/\/www.ceramictiles.com\/srbija\/product\/vives-plisse-canvas-siena\/"},"modified":"2026-01-02T00:03:40","modified_gmt":"2026-01-02T00:03:40","slug":"vives-plisse-canvas-siena","status":"publish","type":"product","link":"https:\/\/www.keramika.com\/srbija\/vives-plisse-canvas-siena\/","title":{"rendered":"Vives Plisse Canvas Siena"},"content":{"rendered":"<p>Proizvodnja \u0160panije ,koja je poznata u svetu, kao jedana od najboljih proizvo\u0111a\u010da kerami\u010dkih plo\u010dica. Vives Plisse Canvas Siena je dostupna po vrlo povoljnim cenama 5318,75 RSD. U izboru plo\u010dica be\u017e boje, ne mo\u017eete pogre\u0161iti. \u0160irina i du\u017eina plo\u010dice su 25&#215;75 cm. Debljina plo\u010dice, je vrlo va\u017ena 10 mm i ubraja tu plo\u010dicu me\u0111u najkvalitetnije.<\/p>\n<p>Kliknite na ime serije za sve plo\u010dice u toj seriji: <a class=\"pdfcatal\" href=\"\/\/www.ceramictiles.com\/pdf\/vives\/catalogue_vives_plisse.pdf\" onclick=\"recordOutboundLink(this, 'E-mail', 'Description PDF');return false;\">Ceramica Vives Plisse<\/a><\/p>\n<p>Da bi naru\u010dili model iz PDF kataloga ove serije, molimo vas, da nas kontaktirate na: <a href=\"mailto:zo_mi@ceramictiles.com\" onclick=\"recordOutboundLink(this, 'E-mail', 'Description mail');return false;\">zo_mi@ceramictiles.com<\/a> ili nas pozovite na: For exact offer, PLS send us quantity and product you need with delivery address..<\/p>\n","protected":false},"excerpt":{"rendered":"<p>Proizvodnja \u0160panije ,koja je poznata u svetu, kao jedana od najboljih proizvo\u0111a\u010da kerami\u010dkih plo\u010dica. Vives Plisse Canvas Siena je dostupna po vrlo povoljnim cenama 5318,75 RSD. U izboru plo\u010dica be\u017e boje, ne mo\u017eete pogre\u0161iti. \u0160irina i du\u017eina plo\u010dice su 25&#215;75 cm. Debljina plo\u010dice, je vrlo va\u017ena 10 mm i ubraja tu plo\u010dicu me\u0111u najkvalitetnije. Kliknite [&hellip;]<\/p>\n","protected":false},"featured_media":92399,"template":"","meta":[],"product_cat":[200,220,999,999136,250],"product_tag":[],"_links":{"self":[{"href":"https:\/\/www.keramika.com\/srbija\/wp-json\/wp\/v2\/product\/92398"}],"collection":[{"href":"https:\/\/www.keramika.com\/srbija\/wp-json\/wp\/v2\/product"}],"about":[{"href":"https:\/\/www.keramika.com\/srbija\/wp-json\/wp\/v2\/types\/product"}],"wp:featuredmedia":[{"embeddable":true,"href":"https:\/\/www.keramika.com\/srbija\/wp-json\/wp\/v2\/media\/92399"}],"wp:attachment":[{"href":"https:\/\/www.keramika.com\/srbija\/wp-json\/wp\/v2\/media?parent=92398"}],"wp:term":[{"taxonomy":"product_cat","embeddable":true,"href":"https:\/\/www.keramika.com\/srbija\/wp-json\/wp\/v2\/product_cat?post=92398"},{"taxonomy":"product_tag","embeddable":true,"href":"https:\/\/www.keramika.com\/srbija\/wp-json\/wp\/v2\/product_tag?post=92398"}],"curies":[{"name":"wp","href":"https:\/\/api.w.org\/{rel}","templated":true}]}}