{"id":92396,"date":"2017-07-02T01:48:28","date_gmt":"2017-07-02T01:48:28","guid":{"rendered":"http:\/\/www.ceramictiles.com\/srbija\/product\/vives-petra-beige\/"},"modified":"2026-01-02T00:03:39","modified_gmt":"2026-01-02T00:03:39","slug":"vives-petra-beige","status":"publish","type":"product","link":"https:\/\/www.keramika.com\/srbija\/vives-petra-beige\/","title":{"rendered":"Vives Petra Beige"},"content":{"rendered":"<p>plo\u010dica proizvo\u0111a\u010da Ceramica Vives iz \u0160panije. Ta kolekcija, model plo\u010dice, se prodaje najvi\u0161e be\u017e boje. Vives Petra Beige je dostupna po vrlo povoljnim cenama 2788,75 RSD. Debljina plo\u010dice, je vrlo va\u017ena 8 mm i ubraja tu plo\u010dicu me\u0111u najkvalitetnije. Veli\u010dina ove plo\u010dice je 20&#215;20 cm.<\/p>\n<p>Kliknite na ime serije za sve plo\u010dice u toj seriji: <a class=\"pdfcatal\" href=\"\/\/www.ceramictiles.com\/pdf\/vives\/catalogue_vives_petra.pdf\" onclick=\"recordOutboundLink(this, 'E-mail', 'Description PDF');return false;\">Ceramica Vives Petra<\/a><\/p>\n<p>Da bi naru\u010dili model iz PDF kataloga ove serije, molimo vas, da nas kontaktirate na: <a href=\"mailto:zo_mi@ceramictiles.com\" onclick=\"recordOutboundLink(this, 'E-mail', 'Description mail');return false;\">zo_mi@ceramictiles.com<\/a> ili nas pozovite na: For exact offer, PLS send us quantity and product you need with delivery address..<\/p>\n","protected":false},"excerpt":{"rendered":"<p>plo\u010dica proizvo\u0111a\u010da Ceramica Vives iz \u0160panije. Ta kolekcija, model plo\u010dice, se prodaje najvi\u0161e be\u017e boje. Vives Petra Beige je dostupna po vrlo povoljnim cenama 2788,75 RSD. Debljina plo\u010dice, je vrlo va\u017ena 8 mm i ubraja tu plo\u010dicu me\u0111u najkvalitetnije. Veli\u010dina ove plo\u010dice je 20&#215;20 cm. Kliknite na ime serije za sve plo\u010dice u toj seriji: [&hellip;]<\/p>\n","protected":false},"featured_media":92397,"template":"","meta":[],"product_cat":[200,230,240,999,999136],"product_tag":[],"_links":{"self":[{"href":"https:\/\/www.keramika.com\/srbija\/wp-json\/wp\/v2\/product\/92396"}],"collection":[{"href":"https:\/\/www.keramika.com\/srbija\/wp-json\/wp\/v2\/product"}],"about":[{"href":"https:\/\/www.keramika.com\/srbija\/wp-json\/wp\/v2\/types\/product"}],"wp:featuredmedia":[{"embeddable":true,"href":"https:\/\/www.keramika.com\/srbija\/wp-json\/wp\/v2\/media\/92397"}],"wp:attachment":[{"href":"https:\/\/www.keramika.com\/srbija\/wp-json\/wp\/v2\/media?parent=92396"}],"wp:term":[{"taxonomy":"product_cat","embeddable":true,"href":"https:\/\/www.keramika.com\/srbija\/wp-json\/wp\/v2\/product_cat?post=92396"},{"taxonomy":"product_tag","embeddable":true,"href":"https:\/\/www.keramika.com\/srbija\/wp-json\/wp\/v2\/product_tag?post=92396"}],"curies":[{"name":"wp","href":"https:\/\/api.w.org\/{rel}","templated":true}]}}