{"id":92390,"date":"2017-07-02T01:47:32","date_gmt":"2017-07-02T01:47:32","guid":{"rendered":"http:\/\/www.ceramictiles.com\/srbija\/product\/vives-ozieri-natural\/"},"modified":"2026-01-02T00:03:39","modified_gmt":"2026-01-02T00:03:39","slug":"vives-ozieri-natural","status":"publish","type":"product","link":"https:\/\/www.keramika.com\/srbija\/vives-ozieri-natural\/","title":{"rendered":"Vives Ozieri Natural"},"content":{"rendered":"<p>Debljina plo\u010dice, je vrlo va\u017ena 10 mm i ubraja tu plo\u010dicu me\u0111u najkvalitetnije. Plo\u010dica 20&#215;20 cm je dobra za ve\u0107 razli\u010ditih namena. U izboru plo\u010dica be\u017e boje, ne mo\u017eete pogre\u0161iti. Plo\u010dice dolaze iz \u0160panije, koja je poznata po kvalitetnoj keramiki. U maloprodaji bi morali za tu plo\u010dicu platiti 11122,8 RSD, online cena je samo 8898,7 RSD.<\/p>\n<p>Kliknite na ime serije za sve plo\u010dice u toj seriji: <a class=\"pdfcatal\" href=\"\/\/www.ceramictiles.com\/pdf\/vives\/catalogue_vives_ozieri.pdf\" onclick=\"recordOutboundLink(this, 'E-mail', 'Description PDF');return false;\">Ceramica Vives Ozieri<\/a><\/p>\n<p>Da bi naru\u010dili model iz PDF kataloga ove serije, molimo vas, da nas kontaktirate na: <a href=\"mailto:zo_mi@ceramictiles.com\" onclick=\"recordOutboundLink(this, 'E-mail', 'Description mail');return false;\">zo_mi@ceramictiles.com<\/a> ili nas pozovite na: For exact offer, PLS send us quantity and product you need with delivery address..<\/p>\n","protected":false},"excerpt":{"rendered":"<p>Debljina plo\u010dice, je vrlo va\u017ena 10 mm i ubraja tu plo\u010dicu me\u0111u najkvalitetnije. Plo\u010dica 20&#215;20 cm je dobra za ve\u0107 razli\u010ditih namena. U izboru plo\u010dica be\u017e boje, ne mo\u017eete pogre\u0161iti. Plo\u010dice dolaze iz \u0160panije, koja je poznata po kvalitetnoj keramiki. U maloprodaji bi morali za tu plo\u010dicu platiti 11122,8 RSD, online cena je samo 8898,7 [&hellip;]<\/p>\n","protected":false},"featured_media":92391,"template":"","meta":[],"product_cat":[200,240,260,999,999136],"product_tag":[],"_links":{"self":[{"href":"https:\/\/www.keramika.com\/srbija\/wp-json\/wp\/v2\/product\/92390"}],"collection":[{"href":"https:\/\/www.keramika.com\/srbija\/wp-json\/wp\/v2\/product"}],"about":[{"href":"https:\/\/www.keramika.com\/srbija\/wp-json\/wp\/v2\/types\/product"}],"wp:featuredmedia":[{"embeddable":true,"href":"https:\/\/www.keramika.com\/srbija\/wp-json\/wp\/v2\/media\/92391"}],"wp:attachment":[{"href":"https:\/\/www.keramika.com\/srbija\/wp-json\/wp\/v2\/media?parent=92390"}],"wp:term":[{"taxonomy":"product_cat","embeddable":true,"href":"https:\/\/www.keramika.com\/srbija\/wp-json\/wp\/v2\/product_cat?post=92390"},{"taxonomy":"product_tag","embeddable":true,"href":"https:\/\/www.keramika.com\/srbija\/wp-json\/wp\/v2\/product_tag?post=92390"}],"curies":[{"name":"wp","href":"https:\/\/api.w.org\/{rel}","templated":true}]}}