{"id":92380,"date":"2017-07-02T01:45:57","date_gmt":"2017-07-02T01:45:57","guid":{"rendered":"http:\/\/www.ceramictiles.com\/srbija\/product\/vives-nut-crema\/"},"modified":"2026-01-02T00:03:38","modified_gmt":"2026-01-02T00:03:38","slug":"vives-nut-crema","status":"publish","type":"product","link":"https:\/\/www.keramika.com\/srbija\/vives-nut-crema\/","title":{"rendered":"Vives Nut Crema"},"content":{"rendered":"<p>plo\u010dica proizvo\u0111a\u010da Ceramica Vives iz \u0160panije. Dimenzije ovih plo\u010dica su 60&#215;60 cm. Ova plo\u010dica je debela 11 mm i zato je izuzetno izdr\u017eljiva. 7726,85 RSD je redovna prodajna cena keramike, tu pa samo 6181,25 RSD. Plo\u010dice be\u017e boje, su letos izuzetno tre\u017eene.<\/p>\n<p>Kliknite na ime serije za sve plo\u010dice u toj seriji: <a class=\"pdfcatal\" href=\"\/\/www.ceramictiles.com\/pdf\/vives\/catalogue_vives_nut.pdf\" onclick=\"recordOutboundLink(this, 'E-mail', 'Description PDF');return false;\">Ceramica Vives Nut<\/a><\/p>\n<p>Da bi naru\u010dili model iz PDF kataloga ove serije, molimo vas, da nas kontaktirate na: <a href=\"mailto:zo_mi@ceramictiles.com\" onclick=\"recordOutboundLink(this, 'E-mail', 'Description mail');return false;\">zo_mi@ceramictiles.com<\/a> ili nas pozovite na: For exact offer, PLS send us quantity and product you need with delivery address..<\/p>\n","protected":false},"excerpt":{"rendered":"<p>plo\u010dica proizvo\u0111a\u010da Ceramica Vives iz \u0160panije. Dimenzije ovih plo\u010dica su 60&#215;60 cm. Ova plo\u010dica je debela 11 mm i zato je izuzetno izdr\u017eljiva. 7726,85 RSD je redovna prodajna cena keramike, tu pa samo 6181,25 RSD. Plo\u010dice be\u017e boje, su letos izuzetno tre\u017eene. Kliknite na ime serije za sve plo\u010dice u toj seriji: Ceramica Vives Nut [&hellip;]<\/p>\n","protected":false},"featured_media":92381,"template":"","meta":[],"product_cat":[200,240,999,290,999136],"product_tag":[],"_links":{"self":[{"href":"https:\/\/www.keramika.com\/srbija\/wp-json\/wp\/v2\/product\/92380"}],"collection":[{"href":"https:\/\/www.keramika.com\/srbija\/wp-json\/wp\/v2\/product"}],"about":[{"href":"https:\/\/www.keramika.com\/srbija\/wp-json\/wp\/v2\/types\/product"}],"wp:featuredmedia":[{"embeddable":true,"href":"https:\/\/www.keramika.com\/srbija\/wp-json\/wp\/v2\/media\/92381"}],"wp:attachment":[{"href":"https:\/\/www.keramika.com\/srbija\/wp-json\/wp\/v2\/media?parent=92380"}],"wp:term":[{"taxonomy":"product_cat","embeddable":true,"href":"https:\/\/www.keramika.com\/srbija\/wp-json\/wp\/v2\/product_cat?post=92380"},{"taxonomy":"product_tag","embeddable":true,"href":"https:\/\/www.keramika.com\/srbija\/wp-json\/wp\/v2\/product_tag?post=92380"}],"curies":[{"name":"wp","href":"https:\/\/api.w.org\/{rel}","templated":true}]}}