{"id":92358,"date":"2017-07-02T01:42:35","date_gmt":"2017-07-02T01:42:35","guid":{"rendered":"http:\/\/www.ceramictiles.com\/srbija\/product\/vives-mieres-gris\/"},"modified":"2026-01-02T00:03:36","modified_gmt":"2026-01-02T00:03:36","slug":"vives-mieres-gris","status":"publish","type":"product","link":"https:\/\/www.keramika.com\/srbija\/vives-mieres-gris\/","title":{"rendered":"Vives Mieres Gris"},"content":{"rendered":"<p>Debljina plo\u010dice, je vrlo va\u017ena 9 mm i ubraja tu plo\u010dicu me\u0111u najkvalitetnije. Online cena je samo 3033,7 RSD, dok redovna, maloprodajna cena 3791,55 RSD. Plo\u010dice sive boje osvje\u017eit \u0107e svaki prostor. Veli\u010dina plo\u010dice je 23&#215;33,5 cm i odli\u010dna je za razli\u010dite povr\u0161ine. Vives Mieres Gris dolazi iz \u0160panije, koja je poznata po vrlo visokoj kvaliteta keramike u svetu.<\/p>\n<p>Kliknite na ime serije za sve plo\u010dice u toj seriji: <a class=\"pdfcatal\" href=\"\/\/www.ceramictiles.com\/pdf\/vives\/catalogue_vives_mieres.pdf\" onclick=\"recordOutboundLink(this, 'E-mail', 'Description PDF');return false;\">Ceramica Vives Mieres<\/a><\/p>\n<p>Da bi naru\u010dili model iz PDF kataloga ove serije, molimo vas, da nas kontaktirate na: <a href=\"mailto:zo_mi@ceramictiles.com\" onclick=\"recordOutboundLink(this, 'E-mail', 'Description mail');return false;\">zo_mi@ceramictiles.com<\/a> ili nas pozovite na: For exact offer, PLS send us quantity and product you need with delivery address..<\/p>\n","protected":false},"excerpt":{"rendered":"<p>Debljina plo\u010dice, je vrlo va\u017ena 9 mm i ubraja tu plo\u010dicu me\u0111u najkvalitetnije. Online cena je samo 3033,7 RSD, dok redovna, maloprodajna cena 3791,55 RSD. Plo\u010dice sive boje osvje\u017eit \u0107e svaki prostor. Veli\u010dina plo\u010dice je 23&#215;33,5 cm i odli\u010dna je za razli\u010dite povr\u0161ine. Vives Mieres Gris dolazi iz \u0160panije, koja je poznata po vrlo visokoj [&hellip;]<\/p>\n","protected":false},"featured_media":92359,"template":"","meta":[],"product_cat":[200,220,999,999136,250],"product_tag":[],"_links":{"self":[{"href":"https:\/\/www.keramika.com\/srbija\/wp-json\/wp\/v2\/product\/92358"}],"collection":[{"href":"https:\/\/www.keramika.com\/srbija\/wp-json\/wp\/v2\/product"}],"about":[{"href":"https:\/\/www.keramika.com\/srbija\/wp-json\/wp\/v2\/types\/product"}],"wp:featuredmedia":[{"embeddable":true,"href":"https:\/\/www.keramika.com\/srbija\/wp-json\/wp\/v2\/media\/92359"}],"wp:attachment":[{"href":"https:\/\/www.keramika.com\/srbija\/wp-json\/wp\/v2\/media?parent=92358"}],"wp:term":[{"taxonomy":"product_cat","embeddable":true,"href":"https:\/\/www.keramika.com\/srbija\/wp-json\/wp\/v2\/product_cat?post=92358"},{"taxonomy":"product_tag","embeddable":true,"href":"https:\/\/www.keramika.com\/srbija\/wp-json\/wp\/v2\/product_tag?post=92358"}],"curies":[{"name":"wp","href":"https:\/\/api.w.org\/{rel}","templated":true}]}}