{"id":92356,"date":"2017-07-02T01:42:16","date_gmt":"2017-07-02T01:42:16","guid":{"rendered":"http:\/\/www.ceramictiles.com\/srbija\/product\/vives-michigan-crema\/"},"modified":"2026-01-02T00:03:35","modified_gmt":"2026-01-02T00:03:35","slug":"vives-michigan-crema","status":"publish","type":"product","link":"https:\/\/www.keramika.com\/srbija\/vives-michigan-crema\/","title":{"rendered":"Vives Michigan Crema"},"content":{"rendered":"<p>Vives Michigan Crema je dostupna po vrlo povoljnim cenama 3076,25 RSD. Izuzetno moderne plo\u010dice be\u017e boje, osve\u017eit \u0107e svaki prostor. Vives Michigan Crema dolazi iz \u0160panije, koja je poznata po vrlo visokoj kvaliteta keramike u svetu. Ova plo\u010dica je debela 10 mm i zato je izuzetno izdr\u017eljiva. \u0160irina i du\u017eina plo\u010dice su 20&#215;40 cm.<\/p>\n<p>Kliknite na ime serije za sve plo\u010dice u toj seriji: <a class=\"pdfcatal\" href=\"\/\/www.ceramictiles.com\/pdf\/vives\/catalogue_vives_michigan.pdf\" onclick=\"recordOutboundLink(this, 'E-mail', 'Description PDF');return false;\">Ceramica Vives Michigan<\/a><\/p>\n<p>Da bi naru\u010dili model iz PDF kataloga ove serije, molimo vas, da nas kontaktirate na: <a href=\"mailto:zo_mi@ceramictiles.com\" onclick=\"recordOutboundLink(this, 'E-mail', 'Description mail');return false;\">zo_mi@ceramictiles.com<\/a> ili nas pozovite na: For exact offer, PLS send us quantity and product you need with delivery address..<\/p>\n","protected":false},"excerpt":{"rendered":"<p>Vives Michigan Crema je dostupna po vrlo povoljnim cenama 3076,25 RSD. Izuzetno moderne plo\u010dice be\u017e boje, osve\u017eit \u0107e svaki prostor. Vives Michigan Crema dolazi iz \u0160panije, koja je poznata po vrlo visokoj kvaliteta keramike u svetu. Ova plo\u010dica je debela 10 mm i zato je izuzetno izdr\u017eljiva. \u0160irina i du\u017eina plo\u010dice su 20&#215;40 cm. Kliknite [&hellip;]<\/p>\n","protected":false},"featured_media":92357,"template":"","meta":[],"product_cat":[200,220,999,999136,250],"product_tag":[],"_links":{"self":[{"href":"https:\/\/www.keramika.com\/srbija\/wp-json\/wp\/v2\/product\/92356"}],"collection":[{"href":"https:\/\/www.keramika.com\/srbija\/wp-json\/wp\/v2\/product"}],"about":[{"href":"https:\/\/www.keramika.com\/srbija\/wp-json\/wp\/v2\/types\/product"}],"wp:featuredmedia":[{"embeddable":true,"href":"https:\/\/www.keramika.com\/srbija\/wp-json\/wp\/v2\/media\/92357"}],"wp:attachment":[{"href":"https:\/\/www.keramika.com\/srbija\/wp-json\/wp\/v2\/media?parent=92356"}],"wp:term":[{"taxonomy":"product_cat","embeddable":true,"href":"https:\/\/www.keramika.com\/srbija\/wp-json\/wp\/v2\/product_cat?post=92356"},{"taxonomy":"product_tag","embeddable":true,"href":"https:\/\/www.keramika.com\/srbija\/wp-json\/wp\/v2\/product_tag?post=92356"}],"curies":[{"name":"wp","href":"https:\/\/api.w.org\/{rel}","templated":true}]}}