{"id":92350,"date":"2017-07-02T01:41:17","date_gmt":"2017-07-02T01:41:17","guid":{"rendered":"http:\/\/www.ceramictiles.com\/srbija\/product\/vives-marmara-natural\/"},"modified":"2026-01-02T00:03:35","modified_gmt":"2026-01-02T00:03:35","slug":"vives-marmara-natural","status":"publish","type":"product","link":"https:\/\/www.keramika.com\/srbija\/vives-marmara-natural\/","title":{"rendered":"Vives Marmara Natural"},"content":{"rendered":"<p>Vives Marmara Natural dolazi iz \u0160panije, koja je poznata po vrlo visokoj kvaliteta keramike u svetu. U izboru plo\u010dica sive boje, ne mo\u017eete pogre\u0161iti. Plo\u010dica je debela 12 mm, \u0161to je ubraja u tvrde plo\u010dice. Online cena je samo 10133,8 RSD, dok redovna, maloprodajna cena 12668,4 RSD. Plo\u010dica 60&#215;90 cm je dobra za ve\u0107 razli\u010ditih namena.<\/p>\n<p>Kliknite na ime serije za sve plo\u010dice u toj seriji: <a class=\"pdfcatal\" href=\"\/\/www.ceramictiles.com\/pdf\/vives\/catalogue_vives_marmara.pdf\" onclick=\"recordOutboundLink(this, 'E-mail', 'Description PDF');return false;\">Ceramica Vives Marmara<\/a><\/p>\n<p>Da bi naru\u010dili model iz PDF kataloga ove serije, molimo vas, da nas kontaktirate na: <a href=\"mailto:zo_mi@ceramictiles.com\" onclick=\"recordOutboundLink(this, 'E-mail', 'Description mail');return false;\">zo_mi@ceramictiles.com<\/a> ili nas pozovite na: For exact offer, PLS send us quantity and product you need with delivery address..<\/p>\n","protected":false},"excerpt":{"rendered":"<p>Vives Marmara Natural dolazi iz \u0160panije, koja je poznata po vrlo visokoj kvaliteta keramike u svetu. U izboru plo\u010dica sive boje, ne mo\u017eete pogre\u0161iti. Plo\u010dica je debela 12 mm, \u0161to je ubraja u tvrde plo\u010dice. Online cena je samo 10133,8 RSD, dok redovna, maloprodajna cena 12668,4 RSD. Plo\u010dica 60&#215;90 cm je dobra za ve\u0107 razli\u010ditih [&hellip;]<\/p>\n","protected":false},"featured_media":92351,"template":"","meta":[],"product_cat":[200,280,260,999,999136],"product_tag":[],"_links":{"self":[{"href":"https:\/\/www.keramika.com\/srbija\/wp-json\/wp\/v2\/product\/92350"}],"collection":[{"href":"https:\/\/www.keramika.com\/srbija\/wp-json\/wp\/v2\/product"}],"about":[{"href":"https:\/\/www.keramika.com\/srbija\/wp-json\/wp\/v2\/types\/product"}],"wp:featuredmedia":[{"embeddable":true,"href":"https:\/\/www.keramika.com\/srbija\/wp-json\/wp\/v2\/media\/92351"}],"wp:attachment":[{"href":"https:\/\/www.keramika.com\/srbija\/wp-json\/wp\/v2\/media?parent=92350"}],"wp:term":[{"taxonomy":"product_cat","embeddable":true,"href":"https:\/\/www.keramika.com\/srbija\/wp-json\/wp\/v2\/product_cat?post=92350"},{"taxonomy":"product_tag","embeddable":true,"href":"https:\/\/www.keramika.com\/srbija\/wp-json\/wp\/v2\/product_tag?post=92350"}],"curies":[{"name":"wp","href":"https:\/\/api.w.org\/{rel}","templated":true}]}}