{"id":92340,"date":"2017-07-02T01:39:50","date_gmt":"2017-07-02T01:39:50","guid":{"rendered":"http:\/\/www.ceramictiles.com\/srbija\/product\/vives-loft-naranja\/"},"modified":"2026-01-02T00:03:33","modified_gmt":"2026-01-02T00:03:33","slug":"vives-loft-naranja","status":"publish","type":"product","link":"https:\/\/www.keramika.com\/srbija\/vives-loft-naranja\/","title":{"rendered":"Vives Loft Naranja"},"content":{"rendered":"<p>Veli\u010dina 31,6&#215;31,6 cm je odli\u010dna za sve podloge. Plo\u010dice narand\u017easte boje osvje\u017eit \u0107e svaki prostor. Debljina 9 mm \u010dini plo\u010dicu vrlo izdr\u017eljivom i prijatnom na dodir. Online cena je samo 2788,75 RSD, dok redovna, maloprodajna cena 3485,65 RSD. Ove plo\u010dice dolaze od proizvo\u0111a\u010da Ceramica Vives, iz \u0160panije.<\/p>\n<p>Kliknite na ime serije za sve plo\u010dice u toj seriji: <a class=\"pdfcatal\" href=\"\/\/www.ceramictiles.com\/pdf\/vives\/catalogue_vives_loft.pdf\" onclick=\"recordOutboundLink(this, 'E-mail', 'Description PDF');return false;\">Ceramica Vives Loft<\/a><\/p>\n<p>Da bi naru\u010dili model iz PDF kataloga ove serije, molimo vas, da nas kontaktirate na: <a href=\"mailto:zo_mi@ceramictiles.com\" onclick=\"recordOutboundLink(this, 'E-mail', 'Description mail');return false;\">zo_mi@ceramictiles.com<\/a> ili nas pozovite na: For exact offer, PLS send us quantity and product you need with delivery address..<\/p>\n","protected":false},"excerpt":{"rendered":"<p>Veli\u010dina 31,6&#215;31,6 cm je odli\u010dna za sve podloge. Plo\u010dice narand\u017easte boje osvje\u017eit \u0107e svaki prostor. Debljina 9 mm \u010dini plo\u010dicu vrlo izdr\u017eljivom i prijatnom na dodir. Online cena je samo 2788,75 RSD, dok redovna, maloprodajna cena 3485,65 RSD. Ove plo\u010dice dolaze od proizvo\u0111a\u010da Ceramica Vives, iz \u0160panije. Kliknite na ime serije za sve plo\u010dice u [&hellip;]<\/p>\n","protected":false},"featured_media":92341,"template":"","meta":[],"product_cat":[200,240,999,290,999136],"product_tag":[],"_links":{"self":[{"href":"https:\/\/www.keramika.com\/srbija\/wp-json\/wp\/v2\/product\/92340"}],"collection":[{"href":"https:\/\/www.keramika.com\/srbija\/wp-json\/wp\/v2\/product"}],"about":[{"href":"https:\/\/www.keramika.com\/srbija\/wp-json\/wp\/v2\/types\/product"}],"wp:featuredmedia":[{"embeddable":true,"href":"https:\/\/www.keramika.com\/srbija\/wp-json\/wp\/v2\/media\/92341"}],"wp:attachment":[{"href":"https:\/\/www.keramika.com\/srbija\/wp-json\/wp\/v2\/media?parent=92340"}],"wp:term":[{"taxonomy":"product_cat","embeddable":true,"href":"https:\/\/www.keramika.com\/srbija\/wp-json\/wp\/v2\/product_cat?post=92340"},{"taxonomy":"product_tag","embeddable":true,"href":"https:\/\/www.keramika.com\/srbija\/wp-json\/wp\/v2\/product_tag?post=92340"}],"curies":[{"name":"wp","href":"https:\/\/api.w.org\/{rel}","templated":true}]}}