{"id":92330,"date":"2017-07-02T01:38:13","date_gmt":"2017-07-02T01:38:13","guid":{"rendered":"http:\/\/www.ceramictiles.com\/srbija\/product\/vives-ikebana-naranja\/"},"modified":"2026-01-02T00:03:32","modified_gmt":"2026-01-02T00:03:32","slug":"vives-ikebana-naranja","status":"publish","type":"product","link":"https:\/\/www.keramika.com\/srbija\/vives-ikebana-naranja\/","title":{"rendered":"Vives Ikebana Naranja"},"content":{"rendered":"<p>Debljina 10 mm \u010dini plo\u010dicu vrlo izdr\u017eljivom i prijatnom na dodir. Veli\u010dina ove plo\u010dice je 30&#215;60 cm. Vives Ikebana Naranja je dostupna po vrlo povoljnim cenama 3852,5 RSD. Plo\u010dice narand\u017easte boje, su letos izuzetno tre\u017eene. plo\u010dica proizvo\u0111a\u010da Ceramica Vives iz \u0160panije.<\/p>\n<p>Kliknite na ime serije za sve plo\u010dice u toj seriji: <a class=\"pdfcatal\" href=\"\/\/www.ceramictiles.com\/pdf\/vives\/catalogue_vives_ikebana.pdf\" onclick=\"recordOutboundLink(this, 'E-mail', 'Description PDF');return false;\">Ceramica Vives Ikebana<\/a><\/p>\n<p>Da bi naru\u010dili model iz PDF kataloga ove serije, molimo vas, da nas kontaktirate na: <a href=\"mailto:zo_mi@ceramictiles.com\" onclick=\"recordOutboundLink(this, 'E-mail', 'Description mail');return false;\">zo_mi@ceramictiles.com<\/a> ili nas pozovite na: For exact offer, PLS send us quantity and product you need with delivery address..<\/p>\n","protected":false},"excerpt":{"rendered":"<p>Debljina 10 mm \u010dini plo\u010dicu vrlo izdr\u017eljivom i prijatnom na dodir. Veli\u010dina ove plo\u010dice je 30&#215;60 cm. Vives Ikebana Naranja je dostupna po vrlo povoljnim cenama 3852,5 RSD. Plo\u010dice narand\u017easte boje, su letos izuzetno tre\u017eene. plo\u010dica proizvo\u0111a\u010da Ceramica Vives iz \u0160panije. Kliknite na ime serije za sve plo\u010dice u toj seriji: Ceramica Vives Ikebana Da [&hellip;]<\/p>\n","protected":false},"featured_media":92331,"template":"","meta":[],"product_cat":[200,220,999,999136,250],"product_tag":[],"_links":{"self":[{"href":"https:\/\/www.keramika.com\/srbija\/wp-json\/wp\/v2\/product\/92330"}],"collection":[{"href":"https:\/\/www.keramika.com\/srbija\/wp-json\/wp\/v2\/product"}],"about":[{"href":"https:\/\/www.keramika.com\/srbija\/wp-json\/wp\/v2\/types\/product"}],"wp:featuredmedia":[{"embeddable":true,"href":"https:\/\/www.keramika.com\/srbija\/wp-json\/wp\/v2\/media\/92331"}],"wp:attachment":[{"href":"https:\/\/www.keramika.com\/srbija\/wp-json\/wp\/v2\/media?parent=92330"}],"wp:term":[{"taxonomy":"product_cat","embeddable":true,"href":"https:\/\/www.keramika.com\/srbija\/wp-json\/wp\/v2\/product_cat?post=92330"},{"taxonomy":"product_tag","embeddable":true,"href":"https:\/\/www.keramika.com\/srbija\/wp-json\/wp\/v2\/product_tag?post=92330"}],"curies":[{"name":"wp","href":"https:\/\/api.w.org\/{rel}","templated":true}]}}