{"id":92324,"date":"2017-07-02T01:37:18","date_gmt":"2017-07-02T01:37:18","guid":{"rendered":"http:\/\/www.ceramictiles.com\/srbija\/product\/vives-helios-kozan-beige\/"},"modified":"2026-01-02T00:03:31","modified_gmt":"2026-01-02T00:03:31","slug":"vives-helios-kozan-beige","status":"publish","type":"product","link":"https:\/\/www.keramika.com\/srbija\/vives-helios-kozan-beige\/","title":{"rendered":"Vives Helios Kozan Beige"},"content":{"rendered":"<p>Veli\u010dina ove plo\u010dice je 25&#215;75 cm. plo\u010dica proizvo\u0111a\u010da Ceramica Vives iz \u0160panije. U izboru plo\u010dica be\u017e boje, ne mo\u017eete pogre\u0161iti. U maloprodaji bi morali za tu plo\u010dicu platiti 6648,15 RSD, online cena je samo 5318,75 RSD. 10 mm debljina \u0107e zadovoljiti i najzahtevnije kupce.<\/p>\n<p>Kliknite na ime serije za sve plo\u010dice u toj seriji: <a class=\"pdfcatal\" href=\"\/\/www.ceramictiles.com\/pdf\/vives\/catalogue_vives_helios.pdf\" onclick=\"recordOutboundLink(this, 'E-mail', 'Description PDF');return false;\">Ceramica Vives Helios<\/a><\/p>\n<p>Da bi naru\u010dili model iz PDF kataloga ove serije, molimo vas, da nas kontaktirate na: <a href=\"mailto:zo_mi@ceramictiles.com\" onclick=\"recordOutboundLink(this, 'E-mail', 'Description mail');return false;\">zo_mi@ceramictiles.com<\/a> ili nas pozovite na: For exact offer, PLS send us quantity and product you need with delivery address..<\/p>\n","protected":false},"excerpt":{"rendered":"<p>Veli\u010dina ove plo\u010dice je 25&#215;75 cm. plo\u010dica proizvo\u0111a\u010da Ceramica Vives iz \u0160panije. U izboru plo\u010dica be\u017e boje, ne mo\u017eete pogre\u0161iti. U maloprodaji bi morali za tu plo\u010dicu platiti 6648,15 RSD, online cena je samo 5318,75 RSD. 10 mm debljina \u0107e zadovoljiti i najzahtevnije kupce. Kliknite na ime serije za sve plo\u010dice u toj seriji: Ceramica [&hellip;]<\/p>\n","protected":false},"featured_media":92325,"template":"","meta":[],"product_cat":[200,220,999,999136,250],"product_tag":[],"_links":{"self":[{"href":"https:\/\/www.keramika.com\/srbija\/wp-json\/wp\/v2\/product\/92324"}],"collection":[{"href":"https:\/\/www.keramika.com\/srbija\/wp-json\/wp\/v2\/product"}],"about":[{"href":"https:\/\/www.keramika.com\/srbija\/wp-json\/wp\/v2\/types\/product"}],"wp:featuredmedia":[{"embeddable":true,"href":"https:\/\/www.keramika.com\/srbija\/wp-json\/wp\/v2\/media\/92325"}],"wp:attachment":[{"href":"https:\/\/www.keramika.com\/srbija\/wp-json\/wp\/v2\/media?parent=92324"}],"wp:term":[{"taxonomy":"product_cat","embeddable":true,"href":"https:\/\/www.keramika.com\/srbija\/wp-json\/wp\/v2\/product_cat?post=92324"},{"taxonomy":"product_tag","embeddable":true,"href":"https:\/\/www.keramika.com\/srbija\/wp-json\/wp\/v2\/product_tag?post=92324"}],"curies":[{"name":"wp","href":"https:\/\/api.w.org\/{rel}","templated":true}]}}