{"id":92314,"date":"2017-07-02T01:35:40","date_gmt":"2017-07-02T01:35:40","guid":{"rendered":"http:\/\/www.ceramictiles.com\/srbija\/product\/vives-exedra-multicolor\/"},"modified":"2026-01-02T00:03:29","modified_gmt":"2026-01-02T00:03:29","slug":"vives-exedra-multicolor","status":"publish","type":"product","link":"https:\/\/www.keramika.com\/srbija\/vives-exedra-multicolor\/","title":{"rendered":"Vives Exedra Multicolor"},"content":{"rendered":"<p>Online cena je samo 5548,75 RSD, dok redovna, maloprodajna cena 6935,65 RSD. Plo\u010dica 30&#215;60 cm je dobra za ve\u0107 razli\u010ditih namena. Plo\u010dice dolaze iz \u0160panije, koja je poznata po kvalitetnoj keramiki. 10 mm debljina \u0107e zadovoljiti i najzahtevnije kupce. Izuzetno moderne plo\u010dice sive boje, osve\u017eit \u0107e svaki prostor.<\/p>\n<p>Kliknite na ime serije za sve plo\u010dice u toj seriji: <a class=\"pdfcatal\" href=\"\/\/www.ceramictiles.com\/pdf\/vives\/catalogue_vives_exedra.pdf\" onclick=\"recordOutboundLink(this, 'E-mail', 'Description PDF');return false;\">Ceramica Vives Exedra<\/a><\/p>\n<p>Da bi naru\u010dili model iz PDF kataloga ove serije, molimo vas, da nas kontaktirate na: <a href=\"mailto:zo_mi@ceramictiles.com\" onclick=\"recordOutboundLink(this, 'E-mail', 'Description mail');return false;\">zo_mi@ceramictiles.com<\/a> ili nas pozovite na: For exact offer, PLS send us quantity and product you need with delivery address..<\/p>\n","protected":false},"excerpt":{"rendered":"<p>Online cena je samo 5548,75 RSD, dok redovna, maloprodajna cena 6935,65 RSD. Plo\u010dica 30&#215;60 cm je dobra za ve\u0107 razli\u010ditih namena. Plo\u010dice dolaze iz \u0160panije, koja je poznata po kvalitetnoj keramiki. 10 mm debljina \u0107e zadovoljiti i najzahtevnije kupce. Izuzetno moderne plo\u010dice sive boje, osve\u017eit \u0107e svaki prostor. Kliknite na ime serije za sve plo\u010dice [&hellip;]<\/p>\n","protected":false},"featured_media":92315,"template":"","meta":[],"product_cat":[200,240,260,999,270,999136],"product_tag":[],"_links":{"self":[{"href":"https:\/\/www.keramika.com\/srbija\/wp-json\/wp\/v2\/product\/92314"}],"collection":[{"href":"https:\/\/www.keramika.com\/srbija\/wp-json\/wp\/v2\/product"}],"about":[{"href":"https:\/\/www.keramika.com\/srbija\/wp-json\/wp\/v2\/types\/product"}],"wp:featuredmedia":[{"embeddable":true,"href":"https:\/\/www.keramika.com\/srbija\/wp-json\/wp\/v2\/media\/92315"}],"wp:attachment":[{"href":"https:\/\/www.keramika.com\/srbija\/wp-json\/wp\/v2\/media?parent=92314"}],"wp:term":[{"taxonomy":"product_cat","embeddable":true,"href":"https:\/\/www.keramika.com\/srbija\/wp-json\/wp\/v2\/product_cat?post=92314"},{"taxonomy":"product_tag","embeddable":true,"href":"https:\/\/www.keramika.com\/srbija\/wp-json\/wp\/v2\/product_tag?post=92314"}],"curies":[{"name":"wp","href":"https:\/\/api.w.org\/{rel}","templated":true}]}}