{"id":92296,"date":"2017-07-02T01:32:40","date_gmt":"2017-07-02T01:32:40","guid":{"rendered":"http:\/\/www.ceramictiles.com\/srbija\/product\/vives-devon-crema\/"},"modified":"2026-01-02T00:03:27","modified_gmt":"2026-01-02T00:03:27","slug":"vives-devon-crema","status":"publish","type":"product","link":"https:\/\/www.keramika.com\/srbija\/vives-devon-crema\/","title":{"rendered":"Vives Devon Crema"},"content":{"rendered":"<p>U izboru plo\u010dica be\u017e boje, ne mo\u017eete pogre\u0161iti. Dimenzije ovih plo\u010dica su 31,6&#215;31,6 cm. Vives Devon Crema je proizvod iz \u0160panije te je izuzetno kvalitetna. U maloprodaji bi morali za tu plo\u010dicu platiti 3485,65 RSD, online cena je samo 2788,75 RSD. Debljina plo\u010dice, je vrlo va\u017ena 9 mm i ubraja tu plo\u010dicu me\u0111u najkvalitetnije.<\/p>\n<p>Kliknite na ime serije za sve plo\u010dice u toj seriji: <a class=\"pdfcatal\" href=\"\/\/www.ceramictiles.com\/pdf\/vives\/catalogue_vives_devon.pdf\" onclick=\"recordOutboundLink(this, 'E-mail', 'Description PDF');return false;\">Ceramica Vives Devon<\/a><\/p>\n<p>Da bi naru\u010dili model iz PDF kataloga ove serije, molimo vas, da nas kontaktirate na: <a href=\"mailto:zo_mi@ceramictiles.com\" onclick=\"recordOutboundLink(this, 'E-mail', 'Description mail');return false;\">zo_mi@ceramictiles.com<\/a> ili nas pozovite na: For exact offer, PLS send us quantity and product you need with delivery address..<\/p>\n","protected":false},"excerpt":{"rendered":"<p>U izboru plo\u010dica be\u017e boje, ne mo\u017eete pogre\u0161iti. Dimenzije ovih plo\u010dica su 31,6&#215;31,6 cm. Vives Devon Crema je proizvod iz \u0160panije te je izuzetno kvalitetna. U maloprodaji bi morali za tu plo\u010dicu platiti 3485,65 RSD, online cena je samo 2788,75 RSD. Debljina plo\u010dice, je vrlo va\u017ena 9 mm i ubraja tu plo\u010dicu me\u0111u najkvalitetnije. Kliknite [&hellip;]<\/p>\n","protected":false},"featured_media":92297,"template":"","meta":[],"product_cat":[200,230,240,999,999136],"product_tag":[],"_links":{"self":[{"href":"https:\/\/www.keramika.com\/srbija\/wp-json\/wp\/v2\/product\/92296"}],"collection":[{"href":"https:\/\/www.keramika.com\/srbija\/wp-json\/wp\/v2\/product"}],"about":[{"href":"https:\/\/www.keramika.com\/srbija\/wp-json\/wp\/v2\/types\/product"}],"wp:featuredmedia":[{"embeddable":true,"href":"https:\/\/www.keramika.com\/srbija\/wp-json\/wp\/v2\/media\/92297"}],"wp:attachment":[{"href":"https:\/\/www.keramika.com\/srbija\/wp-json\/wp\/v2\/media?parent=92296"}],"wp:term":[{"taxonomy":"product_cat","embeddable":true,"href":"https:\/\/www.keramika.com\/srbija\/wp-json\/wp\/v2\/product_cat?post=92296"},{"taxonomy":"product_tag","embeddable":true,"href":"https:\/\/www.keramika.com\/srbija\/wp-json\/wp\/v2\/product_tag?post=92296"}],"curies":[{"name":"wp","href":"https:\/\/api.w.org\/{rel}","templated":true}]}}