{"id":92294,"date":"2017-07-02T01:32:20","date_gmt":"2017-07-02T01:32:20","guid":{"rendered":"http:\/\/www.ceramictiles.com\/srbija\/product\/vives-cuarcita-marfil\/"},"modified":"2026-01-02T00:03:26","modified_gmt":"2026-01-02T00:03:26","slug":"vives-cuarcita-marfil","status":"publish","type":"product","link":"https:\/\/www.keramika.com\/srbija\/vives-cuarcita-marfil\/","title":{"rendered":"Vives Cuarcita Marfil"},"content":{"rendered":"<p>Ta kolekcija, model plo\u010dice, se prodaje najvi\u0161e be\u017e boje. Ova plo\u010dica je debela 10 mm i zato je izuzetno izdr\u017eljiva. Veli\u010dina ove plo\u010dice je 30&#215;60 cm. plo\u010dica proizvo\u0111a\u010da Ceramica Vives iz \u0160panije. Umesto 7295,6 RSD \u0161to je redovna maloprodajna cena keramike, u na\u0161oj online prodavnici, je mo\u017eete dobiti za samo 5836,25 RSD.<\/p>\n<p>Kliknite na ime serije za sve plo\u010dice u toj seriji: <a class=\"pdfcatal\" href=\"\/\/www.ceramictiles.com\/pdf\/vives\/catalogue_vives_cuarcita.pdf\" onclick=\"recordOutboundLink(this, 'E-mail', 'Description PDF');return false;\">Ceramica Vives Cuarcita<\/a><\/p>\n<p>Da bi naru\u010dili model iz PDF kataloga ove serije, molimo vas, da nas kontaktirate na: <a href=\"mailto:zo_mi@ceramictiles.com\" onclick=\"recordOutboundLink(this, 'E-mail', 'Description mail');return false;\">zo_mi@ceramictiles.com<\/a> ili nas pozovite na: For exact offer, PLS send us quantity and product you need with delivery address..<\/p>\n","protected":false},"excerpt":{"rendered":"<p>Ta kolekcija, model plo\u010dice, se prodaje najvi\u0161e be\u017e boje. Ova plo\u010dica je debela 10 mm i zato je izuzetno izdr\u017eljiva. Veli\u010dina ove plo\u010dice je 30&#215;60 cm. plo\u010dica proizvo\u0111a\u010da Ceramica Vives iz \u0160panije. Umesto 7295,6 RSD \u0161to je redovna maloprodajna cena keramike, u na\u0161oj online prodavnici, je mo\u017eete dobiti za samo 5836,25 RSD. Kliknite na ime [&hellip;]<\/p>\n","protected":false},"featured_media":92295,"template":"","meta":[],"product_cat":[200,220,999,999136,250],"product_tag":[],"_links":{"self":[{"href":"https:\/\/www.keramika.com\/srbija\/wp-json\/wp\/v2\/product\/92294"}],"collection":[{"href":"https:\/\/www.keramika.com\/srbija\/wp-json\/wp\/v2\/product"}],"about":[{"href":"https:\/\/www.keramika.com\/srbija\/wp-json\/wp\/v2\/types\/product"}],"wp:featuredmedia":[{"embeddable":true,"href":"https:\/\/www.keramika.com\/srbija\/wp-json\/wp\/v2\/media\/92295"}],"wp:attachment":[{"href":"https:\/\/www.keramika.com\/srbija\/wp-json\/wp\/v2\/media?parent=92294"}],"wp:term":[{"taxonomy":"product_cat","embeddable":true,"href":"https:\/\/www.keramika.com\/srbija\/wp-json\/wp\/v2\/product_cat?post=92294"},{"taxonomy":"product_tag","embeddable":true,"href":"https:\/\/www.keramika.com\/srbija\/wp-json\/wp\/v2\/product_tag?post=92294"}],"curies":[{"name":"wp","href":"https:\/\/api.w.org\/{rel}","templated":true}]}}