{"id":92286,"date":"2017-07-02T01:31:02","date_gmt":"2017-07-02T01:31:02","guid":{"rendered":"http:\/\/www.ceramictiles.com\/srbija\/product\/vives-condor-beige\/"},"modified":"2026-01-02T00:03:25","modified_gmt":"2026-01-02T00:03:25","slug":"vives-condor-beige","status":"publish","type":"product","link":"https:\/\/www.keramika.com\/srbija\/vives-condor-beige\/","title":{"rendered":"Vives Condor Beige"},"content":{"rendered":"<p>Zbog ni\u017eih tro\u0161kova, online prodaje, Vi \u0107e te na na\u0161oj strani ove plo\u010de platiti samo 4241,2 RSD. Veli\u010dina ove plo\u010dice je 45&#215;45 cm. 10 mm debljina \u0107e zadovoljiti i najzahtevnije kupce. Ove bele kerami\u010dke plo\u010dice, obogatit \u0107e svaki prostor. Vives Condor Beige dolazi iz \u0160panije, koja je poznata po vrlo visokoj kvaliteta keramike u svetu.<\/p>\n<p>Kliknite na ime serije za sve plo\u010dice u toj seriji: <a class=\"pdfcatal\" href=\"\/\/www.ceramictiles.com\/pdf\/vives\/catalogue_vives_condor.pdf\" onclick=\"recordOutboundLink(this, 'E-mail', 'Description PDF');return false;\">Ceramica Vives Condor<\/a><\/p>\n<p>Da bi naru\u010dili model iz PDF kataloga ove serije, molimo vas, da nas kontaktirate na: <a href=\"mailto:zo_mi@ceramictiles.com\" onclick=\"recordOutboundLink(this, 'E-mail', 'Description mail');return false;\">zo_mi@ceramictiles.com<\/a> ili nas pozovite na: For exact offer, PLS send us quantity and product you need with delivery address..<\/p>\n","protected":false},"excerpt":{"rendered":"<p>Zbog ni\u017eih tro\u0161kova, online prodaje, Vi \u0107e te na na\u0161oj strani ove plo\u010de platiti samo 4241,2 RSD. Veli\u010dina ove plo\u010dice je 45&#215;45 cm. 10 mm debljina \u0107e zadovoljiti i najzahtevnije kupce. Ove bele kerami\u010dke plo\u010dice, obogatit \u0107e svaki prostor. Vives Condor Beige dolazi iz \u0160panije, koja je poznata po vrlo visokoj kvaliteta keramike u svetu. [&hellip;]<\/p>\n","protected":false},"featured_media":92287,"template":"","meta":[],"product_cat":[200,240,260,999,290,999136],"product_tag":[],"_links":{"self":[{"href":"https:\/\/www.keramika.com\/srbija\/wp-json\/wp\/v2\/product\/92286"}],"collection":[{"href":"https:\/\/www.keramika.com\/srbija\/wp-json\/wp\/v2\/product"}],"about":[{"href":"https:\/\/www.keramika.com\/srbija\/wp-json\/wp\/v2\/types\/product"}],"wp:featuredmedia":[{"embeddable":true,"href":"https:\/\/www.keramika.com\/srbija\/wp-json\/wp\/v2\/media\/92287"}],"wp:attachment":[{"href":"https:\/\/www.keramika.com\/srbija\/wp-json\/wp\/v2\/media?parent=92286"}],"wp:term":[{"taxonomy":"product_cat","embeddable":true,"href":"https:\/\/www.keramika.com\/srbija\/wp-json\/wp\/v2\/product_cat?post=92286"},{"taxonomy":"product_tag","embeddable":true,"href":"https:\/\/www.keramika.com\/srbija\/wp-json\/wp\/v2\/product_tag?post=92286"}],"curies":[{"name":"wp","href":"https:\/\/api.w.org\/{rel}","templated":true}]}}