{"id":92284,"date":"2017-07-02T01:30:38","date_gmt":"2017-07-02T01:30:38","guid":{"rendered":"http:\/\/www.ceramictiles.com\/srbija\/product\/vives-cloth-marfil\/"},"modified":"2026-01-02T00:03:25","modified_gmt":"2026-01-02T00:03:25","slug":"vives-cloth-marfil","status":"publish","type":"product","link":"https:\/\/www.keramika.com\/srbija\/vives-cloth-marfil\/","title":{"rendered":"Vives Cloth Marfil"},"content":{"rendered":"<p>Veli\u010dina ove plo\u010dice je 20&#215;50 cm. Plo\u010dice dolaze iz \u0160panije, koja je poznata po kvalitetnoj keramiki. Keramika je prekrasne be\u017e boje. U koliko \u017eelite neku drugu boju, pozovite nas i mi \u0107emo proveriti kod proizvo\u0111a\u010da. Umesto 4241,2 RSD \u0161to je redovna maloprodajna cena keramike, u na\u0161oj online prodavnici, je mo\u017eete dobiti za samo 3392,5 RSD. Debljina plo\u010dice, je vrlo va\u017ena 11 mm i ubraja tu plo\u010dicu me\u0111u najkvalitetnije.<\/p>\n<p>Kliknite na ime serije za sve plo\u010dice u toj seriji: <a class=\"pdfcatal\" href=\"\/\/www.ceramictiles.com\/pdf\/vives\/catalogue_vives_cloth.pdf\" onclick=\"recordOutboundLink(this, 'E-mail', 'Description PDF');return false;\">Ceramica Vives Cloth<\/a><\/p>\n<p>Da bi naru\u010dili model iz PDF kataloga ove serije, molimo vas, da nas kontaktirate na: <a href=\"mailto:zo_mi@ceramictiles.com\" onclick=\"recordOutboundLink(this, 'E-mail', 'Description mail');return false;\">zo_mi@ceramictiles.com<\/a> ili nas pozovite na: For exact offer, PLS send us quantity and product you need with delivery address..<\/p>\n","protected":false},"excerpt":{"rendered":"<p>Veli\u010dina ove plo\u010dice je 20&#215;50 cm. Plo\u010dice dolaze iz \u0160panije, koja je poznata po kvalitetnoj keramiki. Keramika je prekrasne be\u017e boje. U koliko \u017eelite neku drugu boju, pozovite nas i mi \u0107emo proveriti kod proizvo\u0111a\u010da. Umesto 4241,2 RSD \u0161to je redovna maloprodajna cena keramike, u na\u0161oj online prodavnici, je mo\u017eete dobiti za samo 3392,5 RSD. [&hellip;]<\/p>\n","protected":false},"featured_media":92285,"template":"","meta":[],"product_cat":[200,230,999,999136,250],"product_tag":[],"_links":{"self":[{"href":"https:\/\/www.keramika.com\/srbija\/wp-json\/wp\/v2\/product\/92284"}],"collection":[{"href":"https:\/\/www.keramika.com\/srbija\/wp-json\/wp\/v2\/product"}],"about":[{"href":"https:\/\/www.keramika.com\/srbija\/wp-json\/wp\/v2\/types\/product"}],"wp:featuredmedia":[{"embeddable":true,"href":"https:\/\/www.keramika.com\/srbija\/wp-json\/wp\/v2\/media\/92285"}],"wp:attachment":[{"href":"https:\/\/www.keramika.com\/srbija\/wp-json\/wp\/v2\/media?parent=92284"}],"wp:term":[{"taxonomy":"product_cat","embeddable":true,"href":"https:\/\/www.keramika.com\/srbija\/wp-json\/wp\/v2\/product_cat?post=92284"},{"taxonomy":"product_tag","embeddable":true,"href":"https:\/\/www.keramika.com\/srbija\/wp-json\/wp\/v2\/product_tag?post=92284"}],"curies":[{"name":"wp","href":"https:\/\/api.w.org\/{rel}","templated":true}]}}