{"id":92282,"date":"2017-07-02T01:30:17","date_gmt":"2017-07-02T01:30:17","guid":{"rendered":"http:\/\/www.ceramictiles.com\/srbija\/product\/vives-clasica-bronce\/"},"modified":"2026-01-02T00:03:24","modified_gmt":"2026-01-02T00:03:24","slug":"vives-clasica-bronce","status":"publish","type":"product","link":"https:\/\/www.keramika.com\/srbija\/vives-clasica-bronce\/","title":{"rendered":"Vives Clasica Bronce"},"content":{"rendered":"<p>Zbog ni\u017eih tro\u0161kova, online prodaje, Vi \u0107e te na na\u0161oj strani ove plo\u010de platiti samo 2443,75 RSD. 8 mm debljine je dovoljno za zahtevnije kupce. Izuzetno moderne plo\u010dice braon boje, osve\u017eit \u0107e svaki prostor. \u0160irina i du\u017eina plo\u010dice su 20&#215;20 cm. plo\u010dica proizvo\u0111a\u010da Ceramica Vives iz \u0160panije.<\/p>\n<p>Kliknite na ime serije za sve plo\u010dice u toj seriji: <a class=\"pdfcatal\" href=\"\/\/www.ceramictiles.com\/pdf\/vives\/catalogue_vives_clasica.pdf\" onclick=\"recordOutboundLink(this, 'E-mail', 'Description PDF');return false;\">Ceramica Vives Clasica<\/a><\/p>\n<p>Da bi naru\u010dili model iz PDF kataloga ove serije, molimo vas, da nas kontaktirate na: <a href=\"mailto:zo_mi@ceramictiles.com\" onclick=\"recordOutboundLink(this, 'E-mail', 'Description mail');return false;\">zo_mi@ceramictiles.com<\/a> ili nas pozovite na: For exact offer, PLS send us quantity and product you need with delivery address..<\/p>\n","protected":false},"excerpt":{"rendered":"<p>Zbog ni\u017eih tro\u0161kova, online prodaje, Vi \u0107e te na na\u0161oj strani ove plo\u010de platiti samo 2443,75 RSD. 8 mm debljine je dovoljno za zahtevnije kupce. Izuzetno moderne plo\u010dice braon boje, osve\u017eit \u0107e svaki prostor. \u0160irina i du\u017eina plo\u010dice su 20&#215;20 cm. plo\u010dica proizvo\u0111a\u010da Ceramica Vives iz \u0160panije. Kliknite na ime serije za sve plo\u010dice u [&hellip;]<\/p>\n","protected":false},"featured_media":92283,"template":"","meta":[],"product_cat":[200,230,240,999,999136],"product_tag":[],"_links":{"self":[{"href":"https:\/\/www.keramika.com\/srbija\/wp-json\/wp\/v2\/product\/92282"}],"collection":[{"href":"https:\/\/www.keramika.com\/srbija\/wp-json\/wp\/v2\/product"}],"about":[{"href":"https:\/\/www.keramika.com\/srbija\/wp-json\/wp\/v2\/types\/product"}],"wp:featuredmedia":[{"embeddable":true,"href":"https:\/\/www.keramika.com\/srbija\/wp-json\/wp\/v2\/media\/92283"}],"wp:attachment":[{"href":"https:\/\/www.keramika.com\/srbija\/wp-json\/wp\/v2\/media?parent=92282"}],"wp:term":[{"taxonomy":"product_cat","embeddable":true,"href":"https:\/\/www.keramika.com\/srbija\/wp-json\/wp\/v2\/product_cat?post=92282"},{"taxonomy":"product_tag","embeddable":true,"href":"https:\/\/www.keramika.com\/srbija\/wp-json\/wp\/v2\/product_tag?post=92282"}],"curies":[{"name":"wp","href":"https:\/\/api.w.org\/{rel}","templated":true}]}}